{"id":10821,"date":"2021-12-15T02:58:22","date_gmt":"2021-12-15T10:58:22","guid":{"rendered":"https:\/\/onlinemeditation.yogananda.org\/online-lessons-study-groups\/"},"modified":"2024-05-09T05:08:59","modified_gmt":"2024-05-09T12:08:59","slug":"grupos-online-de-estudo-das-licoes","status":"publish","type":"page","link":"https:\/\/onlinemeditation.yogananda.org\/pt\/grupos-online-de-estudo-das-licoes\/","title":{"rendered":"Online Lessons Study Groups"},"content":{"rendered":"\t\t<div data-elementor-type=\"wp-page\" data-elementor-id=\"10821\" class=\"elementor elementor-10821 elementor-5774\" data-elementor-post-type=\"page\">\n\t\t\t\t\t\t<section data-particle_enable=\"false\" data-particle-mobile-disabled=\"false\" class=\"elementor-section elementor-top-section elementor-element elementor-element-d938e90 elementor-section-boxed elementor-section-height-default elementor-section-height-default\" data-id=\"d938e90\" data-element_type=\"section\">\n\t\t\t\t\t\t<div class=\"elementor-container elementor-column-gap-default\">\n\t\t\t\t\t<div class=\"elementor-column elementor-col-100 elementor-top-column elementor-element elementor-element-7a357ff\" data-id=\"7a357ff\" data-element_type=\"column\">\n\t\t\t<div class=\"elementor-widget-wrap elementor-element-populated\">\n\t\t\t\t\t\t<div class=\"elementor-element elementor-element-4fc03f4 elementor-widget elementor-widget-heading\" data-id=\"4fc03f4\" data-element_type=\"widget\" data-widget_type=\"heading.default\">\n\t\t\t\t<div class=\"elementor-widget-container\">\n\t\t\t\t\t<h2 class=\"elementor-heading-title elementor-size-default\">Grupos online de estudo das Li\u00e7\u00f5es <\/h2>\t\t\t\t<\/div>\n\t\t\t\t<\/div>\n\t\t\t\t\t<\/div>\n\t\t<\/div>\n\t\t\t\t\t<\/div>\n\t\t<\/section>\n\t\t\t\t<section data-particle_enable=\"false\" data-particle-mobile-disabled=\"false\" class=\"elementor-section elementor-top-section elementor-element elementor-element-6bd1df9 elementor-section-boxed elementor-section-height-default elementor-section-height-default\" data-id=\"6bd1df9\" data-element_type=\"section\">\n\t\t\t\t\t\t<div class=\"elementor-container elementor-column-gap-default\">\n\t\t\t\t\t<div class=\"elementor-column elementor-col-50 elementor-top-column elementor-element elementor-element-1ce98f8\" data-id=\"1ce98f8\" data-element_type=\"column\">\n\t\t\t<div class=\"elementor-widget-wrap elementor-element-populated\">\n\t\t\t\t\t\t<div class=\"elementor-element elementor-element-84f9303 elementor-widget elementor-widget-image\" data-id=\"84f9303\" data-element_type=\"widget\" data-widget_type=\"image.default\">\n\t\t\t\t<div class=\"elementor-widget-container\">\n\t\t\t\t\t\t\t\t\t\t\t\t\t\t\t<img fetchpriority=\"high\" decoding=\"async\" width=\"800\" height=\"668\" src=\"https:\/\/onlinemeditation.yogananda.org\/wp-content\/uploads\/2021\/12\/1604fb6a-5083-4e8c-86d7-7f3b1b4c65e0-1.jpg\" class=\"attachment-large size-large wp-image-10822\" alt=\"\" srcset=\"https:\/\/onlinemeditation.yogananda.org\/wp-content\/uploads\/2021\/12\/1604fb6a-5083-4e8c-86d7-7f3b1b4c65e0-1.jpg 800w, https:\/\/onlinemeditation.yogananda.org\/wp-content\/uploads\/2021\/12\/1604fb6a-5083-4e8c-86d7-7f3b1b4c65e0-1-300x251.jpg 300w, https:\/\/onlinemeditation.yogananda.org\/wp-content\/uploads\/2021\/12\/1604fb6a-5083-4e8c-86d7-7f3b1b4c65e0-1-768x641.jpg 768w\" sizes=\"(max-width: 800px) 100vw, 800px\" \/>\t\t\t\t\t\t\t\t\t\t\t\t\t\t\t<\/div>\n\t\t\t\t<\/div>\n\t\t\t\t\t<\/div>\n\t\t<\/div>\n\t\t\t\t<div class=\"elementor-column elementor-col-50 elementor-top-column elementor-element elementor-element-8663c85\" data-id=\"8663c85\" data-element_type=\"column\">\n\t\t\t<div class=\"elementor-widget-wrap elementor-element-populated\">\n\t\t\t\t\t\t<div class=\"elementor-element elementor-element-9508d52 elementor-widget elementor-widget-text-editor\" data-id=\"9508d52\" data-element_type=\"widget\" data-widget_type=\"text-editor.default\">\n\t\t\t\t<div class=\"elementor-widget-container\">\n\t\t\t\t\t\t\t\t\t<p style=\"margin-bottom: 20px; font-size: 15px; font-family: Merriweather, sans-serif; line-height: 28px; font-style: normal; font-weight: 400;\">Abertos a todos os estudantes das Li\u00e7\u00f5es da SRF. Voc\u00ea pode participar das duas horas inteiras, ou apenas da primeira hora ou da segunda hora. <\/p>\n<p style=\"margin-bottom: 20px; font-size: 15px; font-family: Merriweather, sans-serif; line-height: 28px; font-style: normal; font-weight: 400;\">A primeira parte inclui uma medita\u00e7\u00e3o online que ser\u00e1 iniciada com a pr\u00e1tica em grupo dos Exerc\u00edcios de Medita\u00e7\u00e3o, uma ora\u00e7\u00e3o inicial, um c\u00e2ntico e um per\u00edodo de medita\u00e7\u00e3o silenciosa. <br>(AVISO: Nenhuma instru\u00e7\u00e3o dos Exerc\u00edcios de Energiza\u00e7\u00e3o ser\u00e1 fornecida. Recomendamos o estudo das Li\u00e7\u00f5es da SRF.) <\/p>\n<p style=\"margin-bottom: 20px; font-size: 15px; font-family: Merriweather, sans-serif; line-height: 28px; font-style: normal; font-weight: 400;\">A segunda parte inclui um estudo em grupo que consiste na leitura de trechos das Li\u00e7\u00f5es da SRF, intercalada com per\u00edodos breves de medita\u00e7\u00e3o. O servi\u00e7o ser\u00e1 conclu\u00eddo com a t\u00e9cnica de cura de Paramahansa Yogananda e uma ora\u00e7\u00e3o de encerramento.&nbsp;<\/p>\n<div>&nbsp;<\/div>\t\t\t\t\t\t\t\t<\/div>\n\t\t\t\t<\/div>\n\t\t\t\t\t<\/div>\n\t\t<\/div>\n\t\t\t\t\t<\/div>\n\t\t<\/section>\n\t\t\t\t<section data-particle_enable=\"false\" data-particle-mobile-disabled=\"false\" class=\"elementor-section elementor-top-section elementor-element elementor-element-ba030d1 elementor-section-boxed elementor-section-height-default elementor-section-height-default\" data-id=\"ba030d1\" data-element_type=\"section\">\n\t\t\t\t\t\t<div class=\"elementor-container elementor-column-gap-default\">\n\t\t\t\t\t<div class=\"elementor-column elementor-col-100 elementor-top-column elementor-element elementor-element-4ab062b\" data-id=\"4ab062b\" data-element_type=\"column\">\n\t\t\t<div class=\"elementor-widget-wrap elementor-element-populated\">\n\t\t\t\t\t\t<div class=\"elementor-element elementor-element-344c91a elementor-widget elementor-widget-html\" data-id=\"344c91a\" data-element_type=\"widget\" data-widget_type=\"html.default\">\n\t\t\t\t<div class=\"elementor-widget-container\">\n\t\t\t\t\t<p data-gt-block> <iframe src=\"https:\/\/teamup.com\/ksyos3ym4f38ejhjzs?lang=en&showLogo=0&showProfileAndInfo=0&showSidepanel=1&showTitle=0&showAgendaHeader=0&showAgendaDetails=0&showYearViewHeader=0\" width=\"100%\" height=\"700px\" frameborder=\"0\"><\/iframe><\/p> \t\t\t\t<\/div>\n\t\t\t\t<\/div>\n\t\t\t\t\t<\/div>\n\t\t<\/div>\n\t\t\t\t\t<\/div>\n\t\t<\/section>\n\t\t\t\t<\/div>\n\t\t","protected":false},"excerpt":{"rendered":"<p>Grupos online de estudo das Li\u00e7\u00f5es Abertos a todos os estudantes das Li\u00e7\u00f5es da SRF. Voc\u00ea pode participar das duas horas inteiras, ou apenas da primeira hora ou da segunda hora. A primeira parte inclui uma medita\u00e7\u00e3o online que ser\u00e1 iniciada com a pr\u00e1tica em grupo dos Exerc\u00edcios de Medita\u00e7\u00e3o, uma ora\u00e7\u00e3o inicial, um c\u00e2ntico [&hellip;]<\/p>\n","protected":false},"author":2,"featured_media":0,"parent":0,"menu_order":0,"comment_status":"closed","ping_status":"closed","template":"","meta":{"_acf_changed":false,"site-sidebar-layout":"no-sidebar","site-content-layout":"page-builder","ast-site-content-layout":"full-width-container","site-content-style":"unboxed","site-sidebar-style":"unboxed","ast-global-header-display":"","ast-banner-title-visibility":"","ast-main-header-display":"","ast-hfb-above-header-display":"","ast-hfb-below-header-display":"","ast-hfb-mobile-header-display":"","site-post-title":"disabled","ast-breadcrumbs-content":"","ast-featured-img":"disabled","footer-sml-layout":"","ast-disable-related-posts":"","theme-transparent-header-meta":"","adv-header-id-meta":"","stick-header-meta":"","header-above-stick-meta":"","header-main-stick-meta":"","header-below-stick-meta":"","astra-migrate-meta-layouts":"default","ast-page-background-enabled":"default","ast-page-background-meta":{"desktop":{"background-color":"","background-image":"","background-repeat":"repeat","background-position":"center center","background-size":"auto","background-attachment":"scroll","background-type":"","background-media":"","overlay-type":"","overlay-color":"","overlay-opacity":"","overlay-gradient":""},"tablet":{"background-color":"","background-image":"","background-repeat":"repeat","background-position":"center center","background-size":"auto","background-attachment":"scroll","background-type":"","background-media":"","overlay-type":"","overlay-color":"","overlay-opacity":"","overlay-gradient":""},"mobile":{"background-color":"","background-image":"","background-repeat":"repeat","background-position":"center center","background-size":"auto","background-attachment":"scroll","background-type":"","background-media":"","overlay-type":"","overlay-color":"","overlay-opacity":"","overlay-gradient":""}},"ast-content-background-meta":{"desktop":{"background-color":"var(--ast-global-color-5)","background-image":"","background-repeat":"repeat","background-position":"center center","background-size":"auto","background-attachment":"scroll","background-type":"","background-media":"","overlay-type":"","overlay-color":"","overlay-opacity":"","overlay-gradient":""},"tablet":{"background-color":"var(--ast-global-color-5)","background-image":"","background-repeat":"repeat","background-position":"center center","background-size":"auto","background-attachment":"scroll","background-type":"","background-media":"","overlay-type":"","overlay-color":"","overlay-opacity":"","overlay-gradient":""},"mobile":{"background-color":"var(--ast-global-color-5)","background-image":"","background-repeat":"repeat","background-position":"center center","background-size":"auto","background-attachment":"scroll","background-type":"","background-media":"","overlay-type":"","overlay-color":"","overlay-opacity":"","overlay-gradient":""}},"footnotes":""},"class_list":["post-10821","page","type-page","status-publish","hentry"],"acf":[],"yoast_head":"<!-- This site is optimized with the Yoast SEO plugin v26.7 - https:\/\/yoast.com\/wordpress\/plugins\/seo\/ -->\n<title>Online Lessons Study Groups - SRF Online Meditation<\/title>\n<meta name=\"robots\" content=\"index, follow, max-snippet:-1, max-image-preview:large, max-video-preview:-1\" \/>\n<link rel=\"canonical\" href=\"https:\/\/onlinemeditation.yogananda.org\/pt\/grupos-online-de-estudo-das-licoes\/\" \/>\n<meta property=\"og:locale\" content=\"pt_PT\" \/>\n<meta property=\"og:type\" content=\"article\" \/>\n<meta property=\"og:title\" content=\"Online Lessons Study Groups - SRF Online Meditation\" \/>\n<meta property=\"og:description\" content=\"Grupos online de estudo das Li\u00e7\u00f5es Abertos a todos os estudantes das Li\u00e7\u00f5es da SRF. Voc\u00ea pode participar das duas horas inteiras, ou apenas da primeira hora ou da segunda hora. A primeira parte inclui uma medita\u00e7\u00e3o online que ser\u00e1 iniciada com a pr\u00e1tica em grupo dos Exerc\u00edcios de Medita\u00e7\u00e3o, uma ora\u00e7\u00e3o inicial, um c\u00e2ntico [&hellip;]\" \/>\n<meta property=\"og:url\" content=\"https:\/\/onlinemeditation.yogananda.org\/pt\/grupos-online-de-estudo-das-licoes\/\" \/>\n<meta property=\"og:site_name\" content=\"SRF Online Meditation\" \/>\n<meta property=\"article:modified_time\" content=\"2024-05-09T12:08:59+00:00\" \/>\n<meta property=\"og:image\" content=\"https:\/\/onlinemeditation.yogananda.org\/wp-content\/uploads\/2021\/12\/1604fb6a-5083-4e8c-86d7-7f3b1b4c65e0-1.jpg\" \/>\n<meta name=\"twitter:card\" content=\"summary_large_image\" \/>\n<script type=\"application\/ld+json\" class=\"yoast-schema-graph\">{\"@context\":\"https:\/\/schema.org\",\"@graph\":[{\"@type\":\"WebPage\",\"@id\":\"https:\/\/onlinemeditation.yogananda.org\/pt\/grupos-online-de-estudo-das-licoes\/\",\"url\":\"https:\/\/onlinemeditation.yogananda.org\/pt\/grupos-online-de-estudo-das-licoes\/\",\"name\":\"Online Lessons Study Groups - SRF Online Meditation\",\"isPartOf\":{\"@id\":\"https:\/\/onlinemeditation.yogananda.org\/pt\/#website\"},\"primaryImageOfPage\":{\"@id\":\"https:\/\/onlinemeditation.yogananda.org\/pt\/grupos-online-de-estudo-das-licoes\/#primaryimage\"},\"image\":{\"@id\":\"https:\/\/onlinemeditation.yogananda.org\/pt\/grupos-online-de-estudo-das-licoes\/#primaryimage\"},\"thumbnailUrl\":\"https:\/\/onlinemeditation.yogananda.org\/wp-content\/uploads\/2021\/12\/1604fb6a-5083-4e8c-86d7-7f3b1b4c65e0-1.jpg\",\"datePublished\":\"2021-12-15T10:58:22+00:00\",\"dateModified\":\"2024-05-09T12:08:59+00:00\",\"breadcrumb\":{\"@id\":\"https:\/\/onlinemeditation.yogananda.org\/pt\/grupos-online-de-estudo-das-licoes\/#breadcrumb\"},\"inLanguage\":\"pt\",\"potentialAction\":[{\"@type\":\"ReadAction\",\"target\":[\"https:\/\/onlinemeditation.yogananda.org\/pt\/grupos-online-de-estudo-das-licoes\/\"]}]},{\"@type\":\"ImageObject\",\"inLanguage\":\"pt\",\"@id\":\"https:\/\/onlinemeditation.yogananda.org\/pt\/grupos-online-de-estudo-das-licoes\/#primaryimage\",\"url\":\"https:\/\/onlinemeditation.yogananda.org\/wp-content\/uploads\/2021\/12\/1604fb6a-5083-4e8c-86d7-7f3b1b4c65e0-1.jpg\",\"contentUrl\":\"https:\/\/onlinemeditation.yogananda.org\/wp-content\/uploads\/2021\/12\/1604fb6a-5083-4e8c-86d7-7f3b1b4c65e0-1.jpg\"},{\"@type\":\"BreadcrumbList\",\"@id\":\"https:\/\/onlinemeditation.yogananda.org\/pt\/grupos-online-de-estudo-das-licoes\/#breadcrumb\",\"itemListElement\":[{\"@type\":\"ListItem\",\"position\":1,\"name\":\"Home\",\"item\":\"https:\/\/onlinemeditation.yogananda.org\/pt\/\"},{\"@type\":\"ListItem\",\"position\":2,\"name\":\"Online Lessons Study Groups\"}]},{\"@type\":\"WebSite\",\"@id\":\"https:\/\/onlinemeditation.yogananda.org\/pt\/#website\",\"url\":\"https:\/\/onlinemeditation.yogananda.org\/pt\/\",\"name\":\"SRF Online Meditation\",\"description\":\"\",\"potentialAction\":[{\"@type\":\"SearchAction\",\"target\":{\"@type\":\"EntryPoint\",\"urlTemplate\":\"https:\/\/onlinemeditation.yogananda.org\/pt\/?s={search_term_string}\"},\"query-input\":{\"@type\":\"PropertyValueSpecification\",\"valueRequired\":true,\"valueName\":\"search_term_string\"}}],\"inLanguage\":\"pt\"}]}<\/script>\n<!-- \/ Yoast SEO plugin. -->","yoast_head_json":{"title":"Online Lessons Study Groups - SRF Online Meditation","robots":{"index":"index","follow":"follow","max-snippet":"max-snippet:-1","max-image-preview":"max-image-preview:large","max-video-preview":"max-video-preview:-1"},"canonical":"https:\/\/onlinemeditation.yogananda.org\/pt\/grupos-online-de-estudo-das-licoes\/","og_locale":"pt_PT","og_type":"article","og_title":"Online Lessons Study Groups - SRF Online Meditation","og_description":"Grupos online de estudo das Li\u00e7\u00f5es Abertos a todos os estudantes das Li\u00e7\u00f5es da SRF. Voc\u00ea pode participar das duas horas inteiras, ou apenas da primeira hora ou da segunda hora. A primeira parte inclui uma medita\u00e7\u00e3o online que ser\u00e1 iniciada com a pr\u00e1tica em grupo dos Exerc\u00edcios de Medita\u00e7\u00e3o, uma ora\u00e7\u00e3o inicial, um c\u00e2ntico [&hellip;]","og_url":"https:\/\/onlinemeditation.yogananda.org\/pt\/grupos-online-de-estudo-das-licoes\/","og_site_name":"SRF Online Meditation","article_modified_time":"2024-05-09T12:08:59+00:00","og_image":[{"url":"https:\/\/onlinemeditation.yogananda.org\/wp-content\/uploads\/2021\/12\/1604fb6a-5083-4e8c-86d7-7f3b1b4c65e0-1.jpg","type":"","width":"","height":""}],"twitter_card":"summary_large_image","schema":{"@context":"https:\/\/schema.org","@graph":[{"@type":"WebPage","@id":"https:\/\/onlinemeditation.yogananda.org\/pt\/grupos-online-de-estudo-das-licoes\/","url":"https:\/\/onlinemeditation.yogananda.org\/pt\/grupos-online-de-estudo-das-licoes\/","name":"Online Lessons Study Groups - SRF Online Meditation","isPartOf":{"@id":"https:\/\/onlinemeditation.yogananda.org\/pt\/#website"},"primaryImageOfPage":{"@id":"https:\/\/onlinemeditation.yogananda.org\/pt\/grupos-online-de-estudo-das-licoes\/#primaryimage"},"image":{"@id":"https:\/\/onlinemeditation.yogananda.org\/pt\/grupos-online-de-estudo-das-licoes\/#primaryimage"},"thumbnailUrl":"https:\/\/onlinemeditation.yogananda.org\/wp-content\/uploads\/2021\/12\/1604fb6a-5083-4e8c-86d7-7f3b1b4c65e0-1.jpg","datePublished":"2021-12-15T10:58:22+00:00","dateModified":"2024-05-09T12:08:59+00:00","breadcrumb":{"@id":"https:\/\/onlinemeditation.yogananda.org\/pt\/grupos-online-de-estudo-das-licoes\/#breadcrumb"},"inLanguage":"pt","potentialAction":[{"@type":"ReadAction","target":["https:\/\/onlinemeditation.yogananda.org\/pt\/grupos-online-de-estudo-das-licoes\/"]}]},{"@type":"ImageObject","inLanguage":"pt","@id":"https:\/\/onlinemeditation.yogananda.org\/pt\/grupos-online-de-estudo-das-licoes\/#primaryimage","url":"https:\/\/onlinemeditation.yogananda.org\/wp-content\/uploads\/2021\/12\/1604fb6a-5083-4e8c-86d7-7f3b1b4c65e0-1.jpg","contentUrl":"https:\/\/onlinemeditation.yogananda.org\/wp-content\/uploads\/2021\/12\/1604fb6a-5083-4e8c-86d7-7f3b1b4c65e0-1.jpg"},{"@type":"BreadcrumbList","@id":"https:\/\/onlinemeditation.yogananda.org\/pt\/grupos-online-de-estudo-das-licoes\/#breadcrumb","itemListElement":[{"@type":"ListItem","position":1,"name":"Home","item":"https:\/\/onlinemeditation.yogananda.org\/pt\/"},{"@type":"ListItem","position":2,"name":"Online Lessons Study Groups"}]},{"@type":"WebSite","@id":"https:\/\/onlinemeditation.yogananda.org\/pt\/#website","url":"https:\/\/onlinemeditation.yogananda.org\/pt\/","name":"SRF Online Meditation","description":"","potentialAction":[{"@type":"SearchAction","target":{"@type":"EntryPoint","urlTemplate":"https:\/\/onlinemeditation.yogananda.org\/pt\/?s={search_term_string}"},"query-input":{"@type":"PropertyValueSpecification","valueRequired":true,"valueName":"search_term_string"}}],"inLanguage":"pt"}]}},"_links":{"self":[{"href":"https:\/\/onlinemeditation.yogananda.org\/pt\/wp-json\/wp\/v2\/pages\/10821","targetHints":{"allow":["GET"]}}],"collection":[{"href":"https:\/\/onlinemeditation.yogananda.org\/pt\/wp-json\/wp\/v2\/pages"}],"about":[{"href":"https:\/\/onlinemeditation.yogananda.org\/pt\/wp-json\/wp\/v2\/types\/page"}],"author":[{"embeddable":true,"href":"https:\/\/onlinemeditation.yogananda.org\/pt\/wp-json\/wp\/v2\/users\/2"}],"replies":[{"embeddable":true,"href":"https:\/\/onlinemeditation.yogananda.org\/pt\/wp-json\/wp\/v2\/comments?post=10821"}],"version-history":[{"count":10,"href":"https:\/\/onlinemeditation.yogananda.org\/pt\/wp-json\/wp\/v2\/pages\/10821\/revisions"}],"predecessor-version":[{"id":11973,"href":"https:\/\/onlinemeditation.yogananda.org\/pt\/wp-json\/wp\/v2\/pages\/10821\/revisions\/11973"}],"wp:attachment":[{"href":"https:\/\/onlinemeditation.yogananda.org\/pt\/wp-json\/wp\/v2\/media?parent=10821"}],"curies":[{"name":"wp","href":"https:\/\/api.w.org\/{rel}","templated":true}]}}