{"id":10630,"date":"2019-07-13T09:54:52","date_gmt":"2019-07-13T16:54:52","guid":{"rendered":"https:\/\/onlinemeditation.yogananda.org\/calendar\/"},"modified":"2026-04-09T12:46:40","modified_gmt":"2026-04-09T19:46:40","slug":"calendari","status":"publish","type":"page","link":"https:\/\/onlinemeditation.yogananda.org\/it\/calendari\/","title":{"rendered":"Calendario delle meditazioni"},"content":{"rendered":"\t\t<div data-elementor-type=\"wp-post\" data-elementor-id=\"10630\" class=\"elementor elementor-10630 elementor-1380\" data-elementor-post-type=\"page\">\n\t\t\t\t\t\t<section data-particle_enable=\"false\" data-particle-mobile-disabled=\"false\" class=\"elementor-section elementor-top-section elementor-element elementor-element-6152b7ee elementor-section-boxed elementor-section-height-default elementor-section-height-default\" data-id=\"6152b7ee\" data-element_type=\"section\" data-e-type=\"section\">\n\t\t\t\t\t\t<div class=\"elementor-container elementor-column-gap-wide\">\n\t\t\t\t\t<div class=\"elementor-column elementor-col-100 elementor-top-column elementor-element elementor-element-77e837b1\" data-id=\"77e837b1\" data-element_type=\"column\" data-e-type=\"column\">\n\t\t\t<div class=\"elementor-widget-wrap elementor-element-populated\">\n\t\t\t\t\t\t<div class=\"elementor-element elementor-element-2aa4f0b8 elementor-widget elementor-widget-heading\" data-id=\"2aa4f0b8\" data-element_type=\"widget\" data-e-type=\"widget\" data-widget_type=\"heading.default\">\n\t\t\t\t<div class=\"elementor-widget-container\">\n\t\t\t\t\t<h1 class=\"elementor-heading-title elementor-size-default\">Calendario delle meditazioni e dei gruppi di studio<\/h1>\t\t\t\t<\/div>\n\t\t\t\t<\/div>\n\t\t\t\t<div class=\"elementor-element elementor-element-1210dfd elementor-widget elementor-widget-text-editor\" data-id=\"1210dfd\" data-element_type=\"widget\" data-e-type=\"widget\" data-widget_type=\"text-editor.default\">\n\t\t\t\t<div class=\"elementor-widget-container\">\n\t\t\t\t\t\t\t\t\t<h3 style=\"text-align: center;\">Ti diamo il benvenuto! Per partecipare a un servizio, fai clic sul nome dell&#8217;evento nel calendario sottostante.<\/h3>\n<p style=\"text-align: center;\"><span style=\"font-size: 15px; font-style: normal; font-weight: 400; color: var( --e-global-color-text );\">Se \u00e8 la prima volta o se hai bisogno di ulteriore assistenza, visita la nostra pagina: &#8220;<\/span><a style=\"font-size: 15px; font-style: normal; font-weight: 400; background-color: #ffffff;\" href=\"https:\/\/onlinemeditation.yogananda.org\/how-to-participate\"><span style=\"font-size: 15px; font-style: normal; font-weight: 400; color: var( --e-global-color-text );\">Come partecipare<\/span><\/a>&#8220;<span style=\"font-size: 15px; font-style: normal; font-weight: 400; color: var( --e-global-color-text );\">.<\/span><\/p>\n<p style=\"text-align: center;\"><b><span style=\"font-size: 15px; color: var( --e-global-color-text );\">Per informazioni sulle opportunit\u00e0 di servire nel Centro di meditazione online, visita la nostra pagina: &#8220;<a href=\"https:\/\/onlinemeditation.yogananda.org\/it\/volontariato\/\">Diventa un volontario<\/a>&#8220;<\/span><span style=\"font-size: 15px; color: var( --e-global-color-text );\">.<\/span><\/b><\/p>\t\t\t\t\t\t\t\t<\/div>\n\t\t\t\t<\/div>\n\t\t\t\t\t<\/div>\n\t\t<\/div>\n\t\t\t\t\t<\/div>\n\t\t<\/section>\n\t\t\t\t<section data-particle_enable=\"false\" data-particle-mobile-disabled=\"false\" class=\"elementor-section elementor-top-section elementor-element elementor-element-5a5514f elementor-section-boxed elementor-section-height-default elementor-section-height-default\" data-id=\"5a5514f\" data-element_type=\"section\" data-e-type=\"section\">\n\t\t\t\t\t\t<div class=\"elementor-container elementor-column-gap-default\">\n\t\t\t\t\t<div class=\"elementor-column elementor-col-100 elementor-top-column elementor-element elementor-element-a8b2449\" data-id=\"a8b2449\" data-element_type=\"column\" data-e-type=\"column\">\n\t\t\t<div class=\"elementor-widget-wrap elementor-element-populated\">\n\t\t\t\t\t\t<div class=\"elementor-element elementor-element-e32fe65 elementor-widget elementor-widget-menu-anchor\" data-id=\"e32fe65\" data-element_type=\"widget\" data-e-type=\"widget\" data-widget_type=\"menu-anchor.default\">\n\t\t\t\t<div class=\"elementor-widget-container\">\n\t\t\t\t\t\t\t<div class=\"elementor-menu-anchor\" id=\"cal\"><\/div>\n\t\t\t\t\t\t<\/div>\n\t\t\t\t<\/div>\n\t\t\t\t\t<\/div>\n\t\t<\/div>\n\t\t\t\t\t<\/div>\n\t\t<\/section>\n\t\t\t\t<section data-particle_enable=\"false\" data-particle-mobile-disabled=\"false\" class=\"elementor-section elementor-top-section elementor-element elementor-element-64109eb0 elementor-section-boxed elementor-section-height-default elementor-section-height-default\" data-id=\"64109eb0\" data-element_type=\"section\" data-e-type=\"section\">\n\t\t\t\t\t\t<div class=\"elementor-container elementor-column-gap-wide\">\n\t\t\t\t\t<div class=\"elementor-column elementor-col-100 elementor-top-column elementor-element elementor-element-93b7354\" data-id=\"93b7354\" data-element_type=\"column\" data-e-type=\"column\">\n\t\t\t<div class=\"elementor-widget-wrap elementor-element-populated\">\n\t\t\t\t\t\t<div class=\"elementor-element elementor-element-76728d8e elementor-widget elementor-widget-text-editor\" data-id=\"76728d8e\" data-element_type=\"widget\" data-e-type=\"widget\" data-widget_type=\"text-editor.default\">\n\t\t\t\t<div class=\"elementor-widget-container\">\n\t\t\t\t\t\t\t\t\t<p><em>Il calendario sotto riportatato include gli eventi della Self-Realization Fellowship (SRF) e della Yogoda Satsanga Society of India (YSS).<br \/>Tutti gli orari nel calendario di seguito sono elencati nel fuso orario locale.<\/em><\/p>\t\t\t\t\t\t\t\t<\/div>\n\t\t\t\t<\/div>\n\t\t\t\t<div class=\"elementor-element elementor-element-267ad7c7 elementor-widget elementor-widget-html\" data-id=\"267ad7c7\" data-element_type=\"widget\" data-e-type=\"widget\" data-widget_type=\"html.default\">\n\t\t\t\t<div class=\"elementor-widget-container\">\n\t\t\t\t\t<p data-gt-block><iframe src=\"https:\/\/teamup.com\/ksf91qy3tobm45adoh?lang=it&showLogo=0&showSearch=0\n&showProfileAndInfo=0&amp;showSidepanel=1&amp&showTitle=0&amp;showAgendaHeader=1&amp;showAgendaDetails=0&amp;showYearViewHeader=1\" style=\"width: 100%; height: 800px; border: 1px solid #CCCCCC\" loading=\"lazy\" frameborder=\"0\"><\/iframe> <\/p>\t\t\t\t<\/div>\n\t\t\t\t<\/div>\n\t\t\t\t<div class=\"elementor-element elementor-element-60305354 elementor-widget elementor-widget-text-editor\" data-id=\"60305354\" data-element_type=\"widget\" data-e-type=\"widget\" data-widget_type=\"text-editor.default\">\n\t\t\t\t<div class=\"elementor-widget-container\">\n\t\t\t\t\t\t\t\t\t<p><em>Per modificare il fuso orario presente nel calendario, fai click sul nome del fuso orario, nella parte superiore dell&#8217;angolo in basso a destra del calendario, seleziona la casella &#8220;Mostra tutti i fusi orari&#8221;, scegli il fuso orario che desideri vedere e premi OK.<\/em><\/p>\t\t\t\t\t\t\t\t<\/div>\n\t\t\t\t<\/div>\n\t\t\t\t<div class=\"elementor-element elementor-element-5c18504f elementor-align-center elementor-tablet-align-left elementor-mobile-align-left elementor-widget elementor-widget-button\" data-id=\"5c18504f\" data-element_type=\"widget\" data-e-type=\"widget\" data-widget_type=\"button.default\">\n\t\t\t\t<div class=\"elementor-widget-container\">\n\t\t\t\t\t\t\t\t\t<div class=\"elementor-button-wrapper\">\n\t\t\t\t\t<a class=\"elementor-button elementor-button-link elementor-size-sm\" href=\"https:\/\/yssofindia.org\/online-meditation\" target=\"_blank\">\n\t\t\t\t\t\t<span class=\"elementor-button-content-wrapper\">\n\t\t\t\t\t\t\t\t\t<span class=\"elementor-button-text\">VISITA LA YSS ONLINE DHYANA KENDRA<\/span>\n\t\t\t\t\t<\/span>\n\t\t\t\t\t<\/a>\n\t\t\t\t<\/div>\n\t\t\t\t\t\t\t\t<\/div>\n\t\t\t\t<\/div>\n\t\t\t\t\t<\/div>\n\t\t<\/div>\n\t\t\t\t\t<\/div>\n\t\t<\/section>\n\t\t\t\t<section data-particle_enable=\"false\" data-particle-mobile-disabled=\"false\" class=\"elementor-section elementor-top-section elementor-element elementor-element-1e21de6d elementor-section-stretched elementor-section-boxed elementor-section-height-default elementor-section-height-default\" data-id=\"1e21de6d\" data-element_type=\"section\" data-e-type=\"section\" data-settings=\"{&quot;stretch_section&quot;:&quot;section-stretched&quot;,&quot;background_background&quot;:&quot;classic&quot;}\">\n\t\t\t\t\t\t\t<div class=\"elementor-background-overlay\"><\/div>\n\t\t\t\t\t\t\t<div class=\"elementor-container elementor-column-gap-default\">\n\t\t\t\t\t<div class=\"elementor-column elementor-col-33 elementor-top-column elementor-element elementor-element-7f815f06\" data-id=\"7f815f06\" data-element_type=\"column\" data-e-type=\"column\">\n\t\t\t<div class=\"elementor-widget-wrap elementor-element-populated\">\n\t\t\t\t\t\t<div class=\"elementor-element elementor-element-4a68a52 elementor-widget elementor-widget-heading\" data-id=\"4a68a52\" data-element_type=\"widget\" data-e-type=\"widget\" data-widget_type=\"heading.default\">\n\t\t\t\t<div class=\"elementor-widget-container\">\n\t\t\t\t\t<h2 class=\"elementor-heading-title elementor-size-default\">Offertorio online<\/h2>\t\t\t\t<\/div>\n\t\t\t\t<\/div>\n\t\t\t\t<div class=\"elementor-element elementor-element-1f908258 elementor-widget elementor-widget-text-editor\" data-id=\"1f908258\" data-element_type=\"widget\" data-e-type=\"widget\" data-widget_type=\"text-editor.default\">\n\t\t\t\t<div class=\"elementor-widget-container\">\n\t\t\t\t\t\t\t\t\t<p>La gestione e la crescita del Centro di meditazione online della SRF si finanziano esclusivamente con le donazioni. La tua generosit\u00e0 nel sostenere questo lavoro sar\u00e0 molto gradita e apprezzata.<\/p>\t\t\t\t\t\t\t\t<\/div>\n\t\t\t\t<\/div>\n\t\t\t\t<div class=\"elementor-element elementor-element-5219ee7d elementor-align-left elementor-tablet-align-left elementor-mobile-align-left elementor-widget elementor-widget-button\" data-id=\"5219ee7d\" data-element_type=\"widget\" data-e-type=\"widget\" data-widget_type=\"button.default\">\n\t\t\t\t<div class=\"elementor-widget-container\">\n\t\t\t\t\t\t\t\t\t<div class=\"elementor-button-wrapper\">\n\t\t\t\t\t<a class=\"elementor-button elementor-button-link elementor-size-sm\" href=\"https:\/\/members.yogananda-srf.org\/donation?defaultAllocation=OMCDON\" target=\"_blank\">\n\t\t\t\t\t\t<span class=\"elementor-button-content-wrapper\">\n\t\t\t\t\t\t\t\t\t<span class=\"elementor-button-text\">DONARE<\/span>\n\t\t\t\t\t<\/span>\n\t\t\t\t\t<\/a>\n\t\t\t\t<\/div>\n\t\t\t\t\t\t\t\t<\/div>\n\t\t\t\t<\/div>\n\t\t\t\t\t<\/div>\n\t\t<\/div>\n\t\t\t\t<div class=\"elementor-column elementor-col-33 elementor-top-column elementor-element elementor-element-7879fe8f\" data-id=\"7879fe8f\" data-element_type=\"column\" data-e-type=\"column\">\n\t\t\t<div class=\"elementor-widget-wrap elementor-element-populated\">\n\t\t\t\t\t\t<div class=\"elementor-element elementor-element-4f799d39 elementor-hidden-phone elementor-widget elementor-widget-pp-divider\" data-id=\"4f799d39\" data-element_type=\"widget\" data-e-type=\"widget\" data-widget_type=\"pp-divider.default\">\n\t\t\t\t<div class=\"elementor-widget-container\">\n\t\t\t\t\t\t\t<div class=\"pp-divider-wrap\">\n\t\t\t\t\t\t\t<div class=\"pp-divider pp-divider-vertical vertical\"><\/div>\n\t\t\t\t\t\t<\/div>    \n\t\t\t\t\t\t<\/div>\n\t\t\t\t<\/div>\n\t\t\t\t<div class=\"elementor-element elementor-element-35a0f587 elementor-hidden-desktop elementor-hidden-tablet elementor-widget elementor-widget-pp-divider\" data-id=\"35a0f587\" data-element_type=\"widget\" data-e-type=\"widget\" data-widget_type=\"pp-divider.default\">\n\t\t\t\t<div class=\"elementor-widget-container\">\n\t\t\t\t\t\t\t<div class=\"pp-divider-wrap\">\n\t\t\t\t\t\t\t<div class=\"pp-divider pp-divider-horizontal horizontal\"><\/div>\n\t\t\t\t\t\t<\/div>    \n\t\t\t\t\t\t<\/div>\n\t\t\t\t<\/div>\n\t\t\t\t\t<\/div>\n\t\t<\/div>\n\t\t\t\t<div class=\"elementor-column elementor-col-33 elementor-top-column elementor-element elementor-element-770f442\" data-id=\"770f442\" data-element_type=\"column\" data-e-type=\"column\">\n\t\t\t<div class=\"elementor-widget-wrap elementor-element-populated\">\n\t\t\t\t\t\t<section data-particle_enable=\"false\" data-particle-mobile-disabled=\"false\" class=\"elementor-section elementor-inner-section elementor-element elementor-element-43085000 elementor-section-boxed elementor-section-height-default elementor-section-height-default\" data-id=\"43085000\" data-element_type=\"section\" data-e-type=\"section\">\n\t\t\t\t\t\t<div class=\"elementor-container elementor-column-gap-default\">\n\t\t\t\t\t<div class=\"elementor-column elementor-col-100 elementor-inner-column elementor-element elementor-element-27a6efb4\" data-id=\"27a6efb4\" data-element_type=\"column\" data-e-type=\"column\">\n\t\t\t<div class=\"elementor-widget-wrap elementor-element-populated\">\n\t\t\t\t\t\t<div class=\"elementor-element elementor-element-2fc7b4ba elementor-widget elementor-widget-text-editor\" data-id=\"2fc7b4ba\" data-element_type=\"widget\" data-e-type=\"widget\" data-widget_type=\"text-editor.default\">\n\t\t\t\t<div class=\"elementor-widget-container\">\n\t\t\t\t\t\t\t\t\t<div style=\"text-align: left;\"><em>\u201cDedicandoti al benessere spirituale, mentale e materiale del prossimo scoprirai che le tue necessit\u00e0 saranno appagate.<br \/>Dimenticando il tuo piccolo s\u00e9 per aiutare gli altri scoprirai che senza aver chiesto nulla il calice della tua felicit\u00e0 sar\u00e0 sempre colmo\u201d.<\/em><\/div>\t\t\t\t\t\t\t\t<\/div>\n\t\t\t\t<\/div>\n\t\t\t\t\t<\/div>\n\t\t<\/div>\n\t\t\t\t\t<\/div>\n\t\t<\/section>\n\t\t\t\t<div class=\"elementor-element elementor-element-5ef0959 elementor-widget elementor-widget-text-editor\" data-id=\"5ef0959\" data-element_type=\"widget\" data-e-type=\"widget\" data-widget_type=\"text-editor.default\">\n\t\t\t\t<div class=\"elementor-widget-container\">\n\t\t\t\t\t\t\t\t\t<div style=\"text-align: center;\"><em>&#8211; Paramahansa Yogananda<\/em><em><br \/><\/em><\/div>\t\t\t\t\t\t\t\t<\/div>\n\t\t\t\t<\/div>\n\t\t\t\t\t<\/div>\n\t\t<\/div>\n\t\t\t\t\t<\/div>\n\t\t<\/section>\n\t\t\t\t<\/div>\n\t\t","protected":false},"excerpt":{"rendered":"<p>Calendario delle meditazioni e dei gruppi di studio Ti diamo il benvenuto! Per partecipare a un servizio, fai clic sul nome dell&#8217;evento nel calendario sottostante. Se \u00e8 la prima volta o se hai bisogno di ulteriore assistenza, visita la nostra pagina: &#8220;Come partecipare&#8220;. Per informazioni sulle opportunit\u00e0 di servire nel Centro di meditazione online, visita [&hellip;]<\/p>\n","protected":false},"author":2,"featured_media":8016,"parent":0,"menu_order":0,"comment_status":"closed","ping_status":"closed","template":"","meta":{"_acf_changed":false,"site-sidebar-layout":"no-sidebar","site-content-layout":"page-builder","ast-site-content-layout":"default","site-content-style":"default","site-sidebar-style":"default","ast-global-header-display":"","ast-banner-title-visibility":"","ast-main-header-display":"","ast-hfb-above-header-display":"","ast-hfb-below-header-display":"","ast-hfb-mobile-header-display":"","site-post-title":"disabled","ast-breadcrumbs-content":"","ast-featured-img":"disabled","footer-sml-layout":"","ast-disable-related-posts":"","theme-transparent-header-meta":"default","adv-header-id-meta":"","stick-header-meta":"","header-above-stick-meta":"","header-main-stick-meta":"","header-below-stick-meta":"","astra-migrate-meta-layouts":"default","ast-page-background-enabled":"default","ast-page-background-meta":{"desktop":{"background-color":"","background-image":"","background-repeat":"repeat","background-position":"center center","background-size":"auto","background-attachment":"scroll","background-type":"","background-media":"","overlay-type":"","overlay-color":"","overlay-opacity":"","overlay-gradient":""},"tablet":{"background-color":"","background-image":"","background-repeat":"repeat","background-position":"center center","background-size":"auto","background-attachment":"scroll","background-type":"","background-media":"","overlay-type":"","overlay-color":"","overlay-opacity":"","overlay-gradient":""},"mobile":{"background-color":"","background-image":"","background-repeat":"repeat","background-position":"center center","background-size":"auto","background-attachment":"scroll","background-type":"","background-media":"","overlay-type":"","overlay-color":"","overlay-opacity":"","overlay-gradient":""}},"ast-content-background-meta":{"desktop":{"background-color":"var(--ast-global-color-5)","background-image":"","background-repeat":"repeat","background-position":"center center","background-size":"auto","background-attachment":"scroll","background-type":"","background-media":"","overlay-type":"","overlay-color":"","overlay-opacity":"","overlay-gradient":""},"tablet":{"background-color":"var(--ast-global-color-5)","background-image":"","background-repeat":"repeat","background-position":"center center","background-size":"auto","background-attachment":"scroll","background-type":"","background-media":"","overlay-type":"","overlay-color":"","overlay-opacity":"","overlay-gradient":""},"mobile":{"background-color":"var(--ast-global-color-5)","background-image":"","background-repeat":"repeat","background-position":"center center","background-size":"auto","background-attachment":"scroll","background-type":"","background-media":"","overlay-type":"","overlay-color":"","overlay-opacity":"","overlay-gradient":""}},"footnotes":""},"class_list":["post-10630","page","type-page","status-publish","has-post-thumbnail","hentry"],"acf":[],"yoast_head":"<!-- This site is optimized with the Yoast SEO plugin v27.3 - https:\/\/yoast.com\/product\/yoast-seo-wordpress\/ -->\n<title>Calendario delle meditazioni - SRF Online Meditation<\/title>\n<meta name=\"robots\" content=\"index, follow, max-snippet:-1, max-image-preview:large, max-video-preview:-1\" \/>\n<link rel=\"canonical\" href=\"https:\/\/onlinemeditation.yogananda.org\/it\/calendari\/\" \/>\n<meta property=\"og:locale\" content=\"it_IT\" \/>\n<meta property=\"og:type\" content=\"article\" \/>\n<meta property=\"og:title\" content=\"Calendario delle meditazioni - SRF Online Meditation\" \/>\n<meta property=\"og:description\" content=\"Calendario delle meditazioni e dei gruppi di studio Ti diamo il benvenuto! Per partecipare a un servizio, fai clic sul nome dell&#8217;evento nel calendario sottostante. Se \u00e8 la prima volta o se hai bisogno di ulteriore assistenza, visita la nostra pagina: &#8220;Come partecipare&#8220;. Per informazioni sulle opportunit\u00e0 di servire nel Centro di meditazione online, visita [&hellip;]\" \/>\n<meta property=\"og:url\" content=\"https:\/\/onlinemeditation.yogananda.org\/it\/calendari\/\" \/>\n<meta property=\"og:site_name\" content=\"SRF Online Meditation\" \/>\n<meta property=\"article:modified_time\" content=\"2026-04-09T19:46:40+00:00\" \/>\n<meta property=\"og:image\" content=\"https:\/\/onlinemeditation.yogananda.org\/wp-content\/uploads\/2020\/03\/BRFL2130-1-1024x875.jpg\" \/>\n\t<meta property=\"og:image:width\" content=\"1024\" \/>\n\t<meta property=\"og:image:height\" content=\"875\" \/>\n\t<meta property=\"og:image:type\" content=\"image\/jpeg\" \/>\n<meta name=\"twitter:card\" content=\"summary_large_image\" \/>\n<script type=\"application\/ld+json\" class=\"yoast-schema-graph\">{\"@context\":\"https:\\\/\\\/schema.org\",\"@graph\":[{\"@type\":\"WebPage\",\"@id\":\"https:\\\/\\\/onlinemeditation.yogananda.org\\\/it\\\/calendari\\\/\",\"url\":\"https:\\\/\\\/onlinemeditation.yogananda.org\\\/it\\\/calendari\\\/\",\"name\":\"Calendario delle meditazioni - SRF Online Meditation\",\"isPartOf\":{\"@id\":\"https:\\\/\\\/onlinemeditation.yogananda.org\\\/it\\\/#website\"},\"primaryImageOfPage\":{\"@id\":\"https:\\\/\\\/onlinemeditation.yogananda.org\\\/it\\\/calendari\\\/#primaryimage\"},\"image\":{\"@id\":\"https:\\\/\\\/onlinemeditation.yogananda.org\\\/it\\\/calendari\\\/#primaryimage\"},\"thumbnailUrl\":\"https:\\\/\\\/onlinemeditation.yogananda.org\\\/wp-content\\\/uploads\\\/2020\\\/03\\\/BRFL2130-1.jpg\",\"datePublished\":\"2019-07-13T16:54:52+00:00\",\"dateModified\":\"2026-04-09T19:46:40+00:00\",\"breadcrumb\":{\"@id\":\"https:\\\/\\\/onlinemeditation.yogananda.org\\\/it\\\/calendari\\\/#breadcrumb\"},\"inLanguage\":\"it-IT\",\"potentialAction\":[{\"@type\":\"ReadAction\",\"target\":[\"https:\\\/\\\/onlinemeditation.yogananda.org\\\/it\\\/calendari\\\/\"]}]},{\"@type\":\"ImageObject\",\"inLanguage\":\"it-IT\",\"@id\":\"https:\\\/\\\/onlinemeditation.yogananda.org\\\/it\\\/calendari\\\/#primaryimage\",\"url\":\"https:\\\/\\\/onlinemeditation.yogananda.org\\\/wp-content\\\/uploads\\\/2020\\\/03\\\/BRFL2130-1.jpg\",\"contentUrl\":\"https:\\\/\\\/onlinemeditation.yogananda.org\\\/wp-content\\\/uploads\\\/2020\\\/03\\\/BRFL2130-1.jpg\",\"width\":4326,\"height\":3698},{\"@type\":\"BreadcrumbList\",\"@id\":\"https:\\\/\\\/onlinemeditation.yogananda.org\\\/it\\\/calendari\\\/#breadcrumb\",\"itemListElement\":[{\"@type\":\"ListItem\",\"position\":1,\"name\":\"Home\",\"item\":\"https:\\\/\\\/onlinemeditation.yogananda.org\\\/it\\\/\"},{\"@type\":\"ListItem\",\"position\":2,\"name\":\"Calendario delle meditazioni\"}]},{\"@type\":\"WebSite\",\"@id\":\"https:\\\/\\\/onlinemeditation.yogananda.org\\\/it\\\/#website\",\"url\":\"https:\\\/\\\/onlinemeditation.yogananda.org\\\/it\\\/\",\"name\":\"SRF Online Meditation\",\"description\":\"\",\"potentialAction\":[{\"@type\":\"SearchAction\",\"target\":{\"@type\":\"EntryPoint\",\"urlTemplate\":\"https:\\\/\\\/onlinemeditation.yogananda.org\\\/it\\\/?s={search_term_string}\"},\"query-input\":{\"@type\":\"PropertyValueSpecification\",\"valueRequired\":true,\"valueName\":\"search_term_string\"}}],\"inLanguage\":\"it-IT\"}]}<\/script>\n<!-- \/ Yoast SEO plugin. -->","yoast_head_json":{"title":"Calendario delle meditazioni - SRF Online Meditation","robots":{"index":"index","follow":"follow","max-snippet":"max-snippet:-1","max-image-preview":"max-image-preview:large","max-video-preview":"max-video-preview:-1"},"canonical":"https:\/\/onlinemeditation.yogananda.org\/it\/calendari\/","og_locale":"it_IT","og_type":"article","og_title":"Calendario delle meditazioni - SRF Online Meditation","og_description":"Calendario delle meditazioni e dei gruppi di studio Ti diamo il benvenuto! Per partecipare a un servizio, fai clic sul nome dell&#8217;evento nel calendario sottostante. Se \u00e8 la prima volta o se hai bisogno di ulteriore assistenza, visita la nostra pagina: &#8220;Come partecipare&#8220;. Per informazioni sulle opportunit\u00e0 di servire nel Centro di meditazione online, visita [&hellip;]","og_url":"https:\/\/onlinemeditation.yogananda.org\/it\/calendari\/","og_site_name":"SRF Online Meditation","article_modified_time":"2026-04-09T19:46:40+00:00","og_image":[{"width":1024,"height":875,"url":"https:\/\/onlinemeditation.yogananda.org\/wp-content\/uploads\/2020\/03\/BRFL2130-1-1024x875.jpg","type":"image\/jpeg"}],"twitter_card":"summary_large_image","schema":{"@context":"https:\/\/schema.org","@graph":[{"@type":"WebPage","@id":"https:\/\/onlinemeditation.yogananda.org\/it\/calendari\/","url":"https:\/\/onlinemeditation.yogananda.org\/it\/calendari\/","name":"Calendario delle meditazioni - SRF Online Meditation","isPartOf":{"@id":"https:\/\/onlinemeditation.yogananda.org\/it\/#website"},"primaryImageOfPage":{"@id":"https:\/\/onlinemeditation.yogananda.org\/it\/calendari\/#primaryimage"},"image":{"@id":"https:\/\/onlinemeditation.yogananda.org\/it\/calendari\/#primaryimage"},"thumbnailUrl":"https:\/\/onlinemeditation.yogananda.org\/wp-content\/uploads\/2020\/03\/BRFL2130-1.jpg","datePublished":"2019-07-13T16:54:52+00:00","dateModified":"2026-04-09T19:46:40+00:00","breadcrumb":{"@id":"https:\/\/onlinemeditation.yogananda.org\/it\/calendari\/#breadcrumb"},"inLanguage":"it-IT","potentialAction":[{"@type":"ReadAction","target":["https:\/\/onlinemeditation.yogananda.org\/it\/calendari\/"]}]},{"@type":"ImageObject","inLanguage":"it-IT","@id":"https:\/\/onlinemeditation.yogananda.org\/it\/calendari\/#primaryimage","url":"https:\/\/onlinemeditation.yogananda.org\/wp-content\/uploads\/2020\/03\/BRFL2130-1.jpg","contentUrl":"https:\/\/onlinemeditation.yogananda.org\/wp-content\/uploads\/2020\/03\/BRFL2130-1.jpg","width":4326,"height":3698},{"@type":"BreadcrumbList","@id":"https:\/\/onlinemeditation.yogananda.org\/it\/calendari\/#breadcrumb","itemListElement":[{"@type":"ListItem","position":1,"name":"Home","item":"https:\/\/onlinemeditation.yogananda.org\/it\/"},{"@type":"ListItem","position":2,"name":"Calendario delle meditazioni"}]},{"@type":"WebSite","@id":"https:\/\/onlinemeditation.yogananda.org\/it\/#website","url":"https:\/\/onlinemeditation.yogananda.org\/it\/","name":"SRF Online Meditation","description":"","potentialAction":[{"@type":"SearchAction","target":{"@type":"EntryPoint","urlTemplate":"https:\/\/onlinemeditation.yogananda.org\/it\/?s={search_term_string}"},"query-input":{"@type":"PropertyValueSpecification","valueRequired":true,"valueName":"search_term_string"}}],"inLanguage":"it-IT"}]}},"_links":{"self":[{"href":"https:\/\/onlinemeditation.yogananda.org\/it\/wp-json\/wp\/v2\/pages\/10630","targetHints":{"allow":["GET"]}}],"collection":[{"href":"https:\/\/onlinemeditation.yogananda.org\/it\/wp-json\/wp\/v2\/pages"}],"about":[{"href":"https:\/\/onlinemeditation.yogananda.org\/it\/wp-json\/wp\/v2\/types\/page"}],"author":[{"embeddable":true,"href":"https:\/\/onlinemeditation.yogananda.org\/it\/wp-json\/wp\/v2\/users\/2"}],"replies":[{"embeddable":true,"href":"https:\/\/onlinemeditation.yogananda.org\/it\/wp-json\/wp\/v2\/comments?post=10630"}],"version-history":[{"count":51,"href":"https:\/\/onlinemeditation.yogananda.org\/it\/wp-json\/wp\/v2\/pages\/10630\/revisions"}],"predecessor-version":[{"id":14335,"href":"https:\/\/onlinemeditation.yogananda.org\/it\/wp-json\/wp\/v2\/pages\/10630\/revisions\/14335"}],"wp:featuredmedia":[{"embeddable":true,"href":"https:\/\/onlinemeditation.yogananda.org\/it\/wp-json\/wp\/v2\/media\/8016"}],"wp:attachment":[{"href":"https:\/\/onlinemeditation.yogananda.org\/it\/wp-json\/wp\/v2\/media?parent=10630"}],"curies":[{"name":"wp","href":"https:\/\/api.w.org\/{rel}","templated":true}]}}