{"id":10823,"date":"2021-12-15T02:58:22","date_gmt":"2021-12-15T10:58:22","guid":{"rendered":"https:\/\/onlinemeditation.yogananda.org\/online-lessons-study-groups\/"},"modified":"2024-09-19T15:06:59","modified_gmt":"2024-09-19T22:06:59","slug":"grupos-de-estudio-de-las-lecciones","status":"publish","type":"page","link":"https:\/\/onlinemeditation.yogananda.org\/es\/grupos-de-estudio-de-las-lecciones\/","title":{"rendered":"Grupos de estudio de las lecciones"},"content":{"rendered":"\t\t<div data-elementor-type=\"wp-page\" data-elementor-id=\"10823\" class=\"elementor elementor-10823 elementor-5774\" data-elementor-post-type=\"page\">\n\t\t\t\t\t\t<section data-particle_enable=\"false\" data-particle-mobile-disabled=\"false\" class=\"elementor-section elementor-top-section elementor-element elementor-element-d938e90 elementor-section-boxed elementor-section-height-default elementor-section-height-default\" data-id=\"d938e90\" data-element_type=\"section\">\n\t\t\t\t\t\t<div class=\"elementor-container elementor-column-gap-default\">\n\t\t\t\t\t<div class=\"elementor-column elementor-col-100 elementor-top-column elementor-element elementor-element-7a357ff\" data-id=\"7a357ff\" data-element_type=\"column\">\n\t\t\t<div class=\"elementor-widget-wrap elementor-element-populated\">\n\t\t\t\t\t\t<div class=\"elementor-element elementor-element-4fc03f4 elementor-widget elementor-widget-heading\" data-id=\"4fc03f4\" data-element_type=\"widget\" data-widget_type=\"heading.default\">\n\t\t\t\t<div class=\"elementor-widget-container\">\n\t\t\t\t\t<h2 class=\"elementor-heading-title elementor-size-default\">Grupos de estudio de las lecciones<\/h2>\t\t\t\t<\/div>\n\t\t\t\t<\/div>\n\t\t\t\t\t<\/div>\n\t\t<\/div>\n\t\t\t\t\t<\/div>\n\t\t<\/section>\n\t\t\t\t<section data-particle_enable=\"false\" data-particle-mobile-disabled=\"false\" class=\"elementor-section elementor-top-section elementor-element elementor-element-6bd1df9 elementor-section-boxed elementor-section-height-default elementor-section-height-default\" data-id=\"6bd1df9\" data-element_type=\"section\">\n\t\t\t\t\t\t<div class=\"elementor-container elementor-column-gap-default\">\n\t\t\t\t\t<div class=\"elementor-column elementor-col-50 elementor-top-column elementor-element elementor-element-1ce98f8\" data-id=\"1ce98f8\" data-element_type=\"column\">\n\t\t\t<div class=\"elementor-widget-wrap elementor-element-populated\">\n\t\t\t\t\t\t<div class=\"elementor-element elementor-element-84f9303 elementor-widget elementor-widget-image\" data-id=\"84f9303\" data-element_type=\"widget\" data-widget_type=\"image.default\">\n\t\t\t\t<div class=\"elementor-widget-container\">\n\t\t\t\t\t\t\t\t\t\t\t\t\t\t\t<img fetchpriority=\"high\" decoding=\"async\" width=\"800\" height=\"668\" src=\"https:\/\/onlinemeditation.yogananda.org\/wp-content\/uploads\/2021\/12\/1604fb6a-5083-4e8c-86d7-7f3b1b4c65e0-1.jpg\" class=\"attachment-large size-large wp-image-8223\" alt=\"\" srcset=\"https:\/\/onlinemeditation.yogananda.org\/wp-content\/uploads\/2021\/12\/1604fb6a-5083-4e8c-86d7-7f3b1b4c65e0-1.jpg 800w, https:\/\/onlinemeditation.yogananda.org\/wp-content\/uploads\/2021\/12\/1604fb6a-5083-4e8c-86d7-7f3b1b4c65e0-1-300x251.jpg 300w, https:\/\/onlinemeditation.yogananda.org\/wp-content\/uploads\/2021\/12\/1604fb6a-5083-4e8c-86d7-7f3b1b4c65e0-1-768x641.jpg 768w\" sizes=\"(max-width: 800px) 100vw, 800px\" \/>\t\t\t\t\t\t\t\t\t\t\t\t\t\t\t<\/div>\n\t\t\t\t<\/div>\n\t\t\t\t\t<\/div>\n\t\t<\/div>\n\t\t\t\t<div class=\"elementor-column elementor-col-50 elementor-top-column elementor-element elementor-element-8663c85\" data-id=\"8663c85\" data-element_type=\"column\">\n\t\t\t<div class=\"elementor-widget-wrap elementor-element-populated\">\n\t\t\t\t\t\t<div class=\"elementor-element elementor-element-9508d52 elementor-widget elementor-widget-text-editor\" data-id=\"9508d52\" data-element_type=\"widget\" data-widget_type=\"text-editor.default\">\n\t\t\t\t<div class=\"elementor-widget-container\">\n\t\t\t\t\t\t\t\t\t<p style=\"margin-bottom: 20px; font-size: 15px; font-family: Merriweather, sans-serif; line-height: 28px; font-style: normal; font-weight: 400;\">Abierto a los estudiantes de las Lecciones de <em>SRF\/YSS<\/em>. Puede participar en la primera hora, la segunda o el tiempo completo de dos horas.<\/p>\n<p style=\"margin-bottom: 20px; font-size: 15px; font-family: Merriweather, sans-serif; line-height: 28px; font-style: normal; font-weight: 400;\">La primera hora consiste en un oficio de meditaci\u00f3n que comienza con la pr\u00e1ctica grupal de los Ejercicios Energ\u00e9ticos, seguida por una oraci\u00f3n de apertura, un canto devocional y un per\u00edodo de meditaci\u00f3n en silencio. Nota: Tenga en cuenta que no se proporcionar\u00e1 ninguna instrucci\u00f3n sobre los Ejercicios Energ\u00e9ticos. Si est\u00e1 interesado en aprender los Ejercicios Energ\u00e9ticos o en estudiar las Lecciones de <em>Self-Realization Fellowship<\/em><\/p>\n<p style=\"margin-bottom: 20px; font-size: 15px; font-family: Merriweather, sans-serif; line-height: 28px; font-style: normal; font-weight: 400;\">En la segunda hora, los participantes leer\u00e1n pasajes de las Lecciones de <em>Self-Realization Fellowship<\/em>. Breves per\u00edodos de meditaci\u00f3n seguir\u00e1n a cada lectura. El oficio concluir\u00e1 con la pr\u00e1ctica de la t\u00e9cnica de curaci\u00f3n de Paramahansa Yogananda y una oraci\u00f3n de clausura.&nbsp;<\/p>\n<div>&nbsp;<\/div>\t\t\t\t\t\t\t\t<\/div>\n\t\t\t\t<\/div>\n\t\t\t\t\t<\/div>\n\t\t<\/div>\n\t\t\t\t\t<\/div>\n\t\t<\/section>\n\t\t\t\t<section data-particle_enable=\"false\" data-particle-mobile-disabled=\"false\" class=\"elementor-section elementor-top-section elementor-element elementor-element-ba030d1 elementor-section-boxed elementor-section-height-default elementor-section-height-default\" data-id=\"ba030d1\" data-element_type=\"section\">\n\t\t\t\t\t\t<div class=\"elementor-container elementor-column-gap-default\">\n\t\t\t\t\t<div class=\"elementor-column elementor-col-100 elementor-top-column elementor-element elementor-element-4ab062b\" data-id=\"4ab062b\" data-element_type=\"column\">\n\t\t\t<div class=\"elementor-widget-wrap elementor-element-populated\">\n\t\t\t\t\t\t<div class=\"elementor-element elementor-element-344c91a elementor-widget elementor-widget-html\" data-id=\"344c91a\" data-element_type=\"widget\" data-widget_type=\"html.default\">\n\t\t\t\t<div class=\"elementor-widget-container\">\n\t\t\t\t\t<p data-gt-block> <iframe src=\"https:\/\/teamup.com\/kssfa69te47qopu2qd?lang=en&showLogo=0&showProfileAndInfo=0&showSidepanel=1&showTitle=0&showAgendaHeader=0&showAgendaDetails=0&showYearViewHeader=0\" width=\"100%\" height=\"700px\" frameborder=\"0\"><\/iframe><\/p> \t\t\t\t<\/div>\n\t\t\t\t<\/div>\n\t\t\t\t\t<\/div>\n\t\t<\/div>\n\t\t\t\t\t<\/div>\n\t\t<\/section>\n\t\t\t\t<\/div>\n\t\t","protected":false},"excerpt":{"rendered":"<p>Grupos de estudio de las lecciones Abierto a los estudiantes de las Lecciones de SRF\/YSS. Puede participar en la primera hora, la segunda o el tiempo completo de dos horas. La primera hora consiste en un oficio de meditaci\u00f3n que comienza con la pr\u00e1ctica grupal de los Ejercicios Energ\u00e9ticos, seguida por una oraci\u00f3n de apertura, [&hellip;]<\/p>\n","protected":false},"author":2,"featured_media":0,"parent":0,"menu_order":0,"comment_status":"closed","ping_status":"closed","template":"","meta":{"_acf_changed":false,"site-sidebar-layout":"no-sidebar","site-content-layout":"page-builder","ast-site-content-layout":"full-width-container","site-content-style":"unboxed","site-sidebar-style":"unboxed","ast-global-header-display":"","ast-banner-title-visibility":"","ast-main-header-display":"","ast-hfb-above-header-display":"","ast-hfb-below-header-display":"","ast-hfb-mobile-header-display":"","site-post-title":"disabled","ast-breadcrumbs-content":"","ast-featured-img":"disabled","footer-sml-layout":"","ast-disable-related-posts":"","theme-transparent-header-meta":"","adv-header-id-meta":"","stick-header-meta":"","header-above-stick-meta":"","header-main-stick-meta":"","header-below-stick-meta":"","astra-migrate-meta-layouts":"default","ast-page-background-enabled":"default","ast-page-background-meta":{"desktop":{"background-color":"","background-image":"","background-repeat":"repeat","background-position":"center center","background-size":"auto","background-attachment":"scroll","background-type":"","background-media":"","overlay-type":"","overlay-color":"","overlay-opacity":"","overlay-gradient":""},"tablet":{"background-color":"","background-image":"","background-repeat":"repeat","background-position":"center center","background-size":"auto","background-attachment":"scroll","background-type":"","background-media":"","overlay-type":"","overlay-color":"","overlay-opacity":"","overlay-gradient":""},"mobile":{"background-color":"","background-image":"","background-repeat":"repeat","background-position":"center center","background-size":"auto","background-attachment":"scroll","background-type":"","background-media":"","overlay-type":"","overlay-color":"","overlay-opacity":"","overlay-gradient":""}},"ast-content-background-meta":{"desktop":{"background-color":"var(--ast-global-color-5)","background-image":"","background-repeat":"repeat","background-position":"center center","background-size":"auto","background-attachment":"scroll","background-type":"","background-media":"","overlay-type":"","overlay-color":"","overlay-opacity":"","overlay-gradient":""},"tablet":{"background-color":"var(--ast-global-color-5)","background-image":"","background-repeat":"repeat","background-position":"center center","background-size":"auto","background-attachment":"scroll","background-type":"","background-media":"","overlay-type":"","overlay-color":"","overlay-opacity":"","overlay-gradient":""},"mobile":{"background-color":"var(--ast-global-color-5)","background-image":"","background-repeat":"repeat","background-position":"center center","background-size":"auto","background-attachment":"scroll","background-type":"","background-media":"","overlay-type":"","overlay-color":"","overlay-opacity":"","overlay-gradient":""}},"footnotes":""},"class_list":["post-10823","page","type-page","status-publish","hentry"],"acf":[],"yoast_head":"<!-- This site is optimized with the Yoast SEO plugin v26.7 - https:\/\/yoast.com\/wordpress\/plugins\/seo\/ -->\n<title>Grupos de estudio de las lecciones - SRF Online Meditation<\/title>\n<meta name=\"robots\" content=\"index, follow, max-snippet:-1, max-image-preview:large, max-video-preview:-1\" \/>\n<link rel=\"canonical\" href=\"https:\/\/onlinemeditation.yogananda.org\/es\/grupos-de-estudio-de-las-lecciones\/\" \/>\n<meta property=\"og:locale\" content=\"es_ES\" \/>\n<meta property=\"og:type\" content=\"article\" \/>\n<meta property=\"og:title\" content=\"Grupos de estudio de las lecciones - SRF Online Meditation\" \/>\n<meta property=\"og:description\" content=\"Grupos de estudio de las lecciones Abierto a los estudiantes de las Lecciones de SRF\/YSS. Puede participar en la primera hora, la segunda o el tiempo completo de dos horas. La primera hora consiste en un oficio de meditaci\u00f3n que comienza con la pr\u00e1ctica grupal de los Ejercicios Energ\u00e9ticos, seguida por una oraci\u00f3n de apertura, [&hellip;]\" \/>\n<meta property=\"og:url\" content=\"https:\/\/onlinemeditation.yogananda.org\/es\/grupos-de-estudio-de-las-lecciones\/\" \/>\n<meta property=\"og:site_name\" content=\"SRF Online Meditation\" \/>\n<meta property=\"article:modified_time\" content=\"2024-09-19T22:06:59+00:00\" \/>\n<meta property=\"og:image\" content=\"https:\/\/onlinemeditation.yogananda.org\/wp-content\/uploads\/2021\/12\/1604fb6a-5083-4e8c-86d7-7f3b1b4c65e0-1.jpg\" \/>\n<meta name=\"twitter:card\" content=\"summary_large_image\" \/>\n<script type=\"application\/ld+json\" class=\"yoast-schema-graph\">{\"@context\":\"https:\/\/schema.org\",\"@graph\":[{\"@type\":\"WebPage\",\"@id\":\"https:\/\/onlinemeditation.yogananda.org\/es\/grupos-de-estudio-de-las-lecciones\/\",\"url\":\"https:\/\/onlinemeditation.yogananda.org\/es\/grupos-de-estudio-de-las-lecciones\/\",\"name\":\"Grupos de estudio de las lecciones - SRF Online Meditation\",\"isPartOf\":{\"@id\":\"https:\/\/onlinemeditation.yogananda.org\/es\/#website\"},\"primaryImageOfPage\":{\"@id\":\"https:\/\/onlinemeditation.yogananda.org\/es\/grupos-de-estudio-de-las-lecciones\/#primaryimage\"},\"image\":{\"@id\":\"https:\/\/onlinemeditation.yogananda.org\/es\/grupos-de-estudio-de-las-lecciones\/#primaryimage\"},\"thumbnailUrl\":\"https:\/\/onlinemeditation.yogananda.org\/wp-content\/uploads\/2021\/12\/1604fb6a-5083-4e8c-86d7-7f3b1b4c65e0-1.jpg\",\"datePublished\":\"2021-12-15T10:58:22+00:00\",\"dateModified\":\"2024-09-19T22:06:59+00:00\",\"breadcrumb\":{\"@id\":\"https:\/\/onlinemeditation.yogananda.org\/es\/grupos-de-estudio-de-las-lecciones\/#breadcrumb\"},\"inLanguage\":\"es-ES\",\"potentialAction\":[{\"@type\":\"ReadAction\",\"target\":[\"https:\/\/onlinemeditation.yogananda.org\/es\/grupos-de-estudio-de-las-lecciones\/\"]}]},{\"@type\":\"ImageObject\",\"inLanguage\":\"es-ES\",\"@id\":\"https:\/\/onlinemeditation.yogananda.org\/es\/grupos-de-estudio-de-las-lecciones\/#primaryimage\",\"url\":\"https:\/\/onlinemeditation.yogananda.org\/wp-content\/uploads\/2021\/12\/1604fb6a-5083-4e8c-86d7-7f3b1b4c65e0-1.jpg\",\"contentUrl\":\"https:\/\/onlinemeditation.yogananda.org\/wp-content\/uploads\/2021\/12\/1604fb6a-5083-4e8c-86d7-7f3b1b4c65e0-1.jpg\"},{\"@type\":\"BreadcrumbList\",\"@id\":\"https:\/\/onlinemeditation.yogananda.org\/es\/grupos-de-estudio-de-las-lecciones\/#breadcrumb\",\"itemListElement\":[{\"@type\":\"ListItem\",\"position\":1,\"name\":\"Home\",\"item\":\"https:\/\/onlinemeditation.yogananda.org\/es\/\"},{\"@type\":\"ListItem\",\"position\":2,\"name\":\"Grupos de estudio de las lecciones\"}]},{\"@type\":\"WebSite\",\"@id\":\"https:\/\/onlinemeditation.yogananda.org\/es\/#website\",\"url\":\"https:\/\/onlinemeditation.yogananda.org\/es\/\",\"name\":\"SRF Online Meditation\",\"description\":\"\",\"potentialAction\":[{\"@type\":\"SearchAction\",\"target\":{\"@type\":\"EntryPoint\",\"urlTemplate\":\"https:\/\/onlinemeditation.yogananda.org\/es\/?s={search_term_string}\"},\"query-input\":{\"@type\":\"PropertyValueSpecification\",\"valueRequired\":true,\"valueName\":\"search_term_string\"}}],\"inLanguage\":\"es-ES\"}]}<\/script>\n<!-- \/ Yoast SEO plugin. -->","yoast_head_json":{"title":"Grupos de estudio de las lecciones - SRF Online Meditation","robots":{"index":"index","follow":"follow","max-snippet":"max-snippet:-1","max-image-preview":"max-image-preview:large","max-video-preview":"max-video-preview:-1"},"canonical":"https:\/\/onlinemeditation.yogananda.org\/es\/grupos-de-estudio-de-las-lecciones\/","og_locale":"es_ES","og_type":"article","og_title":"Grupos de estudio de las lecciones - SRF Online Meditation","og_description":"Grupos de estudio de las lecciones Abierto a los estudiantes de las Lecciones de SRF\/YSS. Puede participar en la primera hora, la segunda o el tiempo completo de dos horas. La primera hora consiste en un oficio de meditaci\u00f3n que comienza con la pr\u00e1ctica grupal de los Ejercicios Energ\u00e9ticos, seguida por una oraci\u00f3n de apertura, [&hellip;]","og_url":"https:\/\/onlinemeditation.yogananda.org\/es\/grupos-de-estudio-de-las-lecciones\/","og_site_name":"SRF Online Meditation","article_modified_time":"2024-09-19T22:06:59+00:00","og_image":[{"url":"https:\/\/onlinemeditation.yogananda.org\/wp-content\/uploads\/2021\/12\/1604fb6a-5083-4e8c-86d7-7f3b1b4c65e0-1.jpg","type":"","width":"","height":""}],"twitter_card":"summary_large_image","schema":{"@context":"https:\/\/schema.org","@graph":[{"@type":"WebPage","@id":"https:\/\/onlinemeditation.yogananda.org\/es\/grupos-de-estudio-de-las-lecciones\/","url":"https:\/\/onlinemeditation.yogananda.org\/es\/grupos-de-estudio-de-las-lecciones\/","name":"Grupos de estudio de las lecciones - SRF Online Meditation","isPartOf":{"@id":"https:\/\/onlinemeditation.yogananda.org\/es\/#website"},"primaryImageOfPage":{"@id":"https:\/\/onlinemeditation.yogananda.org\/es\/grupos-de-estudio-de-las-lecciones\/#primaryimage"},"image":{"@id":"https:\/\/onlinemeditation.yogananda.org\/es\/grupos-de-estudio-de-las-lecciones\/#primaryimage"},"thumbnailUrl":"https:\/\/onlinemeditation.yogananda.org\/wp-content\/uploads\/2021\/12\/1604fb6a-5083-4e8c-86d7-7f3b1b4c65e0-1.jpg","datePublished":"2021-12-15T10:58:22+00:00","dateModified":"2024-09-19T22:06:59+00:00","breadcrumb":{"@id":"https:\/\/onlinemeditation.yogananda.org\/es\/grupos-de-estudio-de-las-lecciones\/#breadcrumb"},"inLanguage":"es-ES","potentialAction":[{"@type":"ReadAction","target":["https:\/\/onlinemeditation.yogananda.org\/es\/grupos-de-estudio-de-las-lecciones\/"]}]},{"@type":"ImageObject","inLanguage":"es-ES","@id":"https:\/\/onlinemeditation.yogananda.org\/es\/grupos-de-estudio-de-las-lecciones\/#primaryimage","url":"https:\/\/onlinemeditation.yogananda.org\/wp-content\/uploads\/2021\/12\/1604fb6a-5083-4e8c-86d7-7f3b1b4c65e0-1.jpg","contentUrl":"https:\/\/onlinemeditation.yogananda.org\/wp-content\/uploads\/2021\/12\/1604fb6a-5083-4e8c-86d7-7f3b1b4c65e0-1.jpg"},{"@type":"BreadcrumbList","@id":"https:\/\/onlinemeditation.yogananda.org\/es\/grupos-de-estudio-de-las-lecciones\/#breadcrumb","itemListElement":[{"@type":"ListItem","position":1,"name":"Home","item":"https:\/\/onlinemeditation.yogananda.org\/es\/"},{"@type":"ListItem","position":2,"name":"Grupos de estudio de las lecciones"}]},{"@type":"WebSite","@id":"https:\/\/onlinemeditation.yogananda.org\/es\/#website","url":"https:\/\/onlinemeditation.yogananda.org\/es\/","name":"SRF Online Meditation","description":"","potentialAction":[{"@type":"SearchAction","target":{"@type":"EntryPoint","urlTemplate":"https:\/\/onlinemeditation.yogananda.org\/es\/?s={search_term_string}"},"query-input":{"@type":"PropertyValueSpecification","valueRequired":true,"valueName":"search_term_string"}}],"inLanguage":"es-ES"}]}},"_links":{"self":[{"href":"https:\/\/onlinemeditation.yogananda.org\/es\/wp-json\/wp\/v2\/pages\/10823","targetHints":{"allow":["GET"]}}],"collection":[{"href":"https:\/\/onlinemeditation.yogananda.org\/es\/wp-json\/wp\/v2\/pages"}],"about":[{"href":"https:\/\/onlinemeditation.yogananda.org\/es\/wp-json\/wp\/v2\/types\/page"}],"author":[{"embeddable":true,"href":"https:\/\/onlinemeditation.yogananda.org\/es\/wp-json\/wp\/v2\/users\/2"}],"replies":[{"embeddable":true,"href":"https:\/\/onlinemeditation.yogananda.org\/es\/wp-json\/wp\/v2\/comments?post=10823"}],"version-history":[{"count":11,"href":"https:\/\/onlinemeditation.yogananda.org\/es\/wp-json\/wp\/v2\/pages\/10823\/revisions"}],"predecessor-version":[{"id":12459,"href":"https:\/\/onlinemeditation.yogananda.org\/es\/wp-json\/wp\/v2\/pages\/10823\/revisions\/12459"}],"wp:attachment":[{"href":"https:\/\/onlinemeditation.yogananda.org\/es\/wp-json\/wp\/v2\/media?parent=10823"}],"curies":[{"name":"wp","href":"https:\/\/api.w.org\/{rel}","templated":true}]}}