{"id":10373,"date":"2019-07-13T09:54:52","date_gmt":"2019-07-13T16:54:52","guid":{"rendered":"https:\/\/onlinemeditation.yogananda.org\/calendar\/"},"modified":"2026-04-08T17:14:14","modified_gmt":"2026-04-09T00:14:14","slug":"calendario","status":"publish","type":"page","link":"https:\/\/onlinemeditation.yogananda.org\/es\/calendario\/","title":{"rendered":"Calendario de Meditaciones y Grupos de Estudio"},"content":{"rendered":"\t\t<div data-elementor-type=\"wp-post\" data-elementor-id=\"10373\" class=\"elementor elementor-10373 elementor-1380\" data-elementor-post-type=\"page\">\n\t\t\t\t\t\t<section data-particle_enable=\"false\" data-particle-mobile-disabled=\"false\" class=\"elementor-section elementor-top-section elementor-element elementor-element-6152b7ee elementor-section-boxed elementor-section-height-default elementor-section-height-default\" data-id=\"6152b7ee\" data-element_type=\"section\" data-e-type=\"section\">\n\t\t\t\t\t\t<div class=\"elementor-container elementor-column-gap-wide\">\n\t\t\t\t\t<div class=\"elementor-column elementor-col-100 elementor-top-column elementor-element elementor-element-77e837b1\" data-id=\"77e837b1\" data-element_type=\"column\" data-e-type=\"column\">\n\t\t\t<div class=\"elementor-widget-wrap elementor-element-populated\">\n\t\t\t\t\t\t<div class=\"elementor-element elementor-element-2aa4f0b8 elementor-widget elementor-widget-heading\" data-id=\"2aa4f0b8\" data-element_type=\"widget\" data-e-type=\"widget\" data-widget_type=\"heading.default\">\n\t\t\t\t<div class=\"elementor-widget-container\">\n\t\t\t\t\t<h1 class=\"elementor-heading-title elementor-size-default\">Calendario de Meditaciones y Grupos de Estudio<\/h1>\t\t\t\t<\/div>\n\t\t\t\t<\/div>\n\t\t\t\t<div class=\"elementor-element elementor-element-1210dfd elementor-widget elementor-widget-text-editor\" data-id=\"1210dfd\" data-element_type=\"widget\" data-e-type=\"widget\" data-widget_type=\"text-editor.default\">\n\t\t\t\t<div class=\"elementor-widget-container\">\n\t\t\t\t\t\t\t\t\t<h3 style=\"text-align: center;\">\u00a1Bienvenidos! Para unirse a un oficio de meditaci\u00f3n, haga clic en el nombre del evento en el calendario a continuaci\u00f3n.<\/h3><h3 style=\"text-align: center;\"><span style=\"font-size: 15px; font-style: normal; font-weight: 400; color: var( --e-global-color-text );\">\u00bfIngresa por primera vez a las meditaciones en l\u00ednea? M\u00e1s informaci\u00f3n\u00a0<\/span><a style=\"font-size: 15px; font-style: normal; font-weight: 400; background-color: #ffffff;\" href=\"https:\/\/onlinemeditation.yogananda.org\/es\/como-participar\/\">sobre c\u00f3mo participar<\/a><span style=\"font-size: 15px; font-style: normal; font-weight: 400; color: var( --e-global-color-text );\">.<\/span><\/h3><p style=\"text-align: center;\"><b><span style=\"font-size: 15px; color: var( --e-global-color-text );\">Para conocer acerca de las oportunidades de servicio en el Centro de Meditaci\u00f3n en L\u00ednea, por favor visite nuestra p\u00e1gina de <a href=\"https:\/\/onlinemeditation.yogananda.org\/es\/omc-interes-de-voluntariado\/\">voluntarios<\/a>.<\/span><\/b><\/p>\t\t\t\t\t\t\t\t<\/div>\n\t\t\t\t<\/div>\n\t\t\t\t\t<\/div>\n\t\t<\/div>\n\t\t\t\t\t<\/div>\n\t\t<\/section>\n\t\t\t\t<section data-particle_enable=\"false\" data-particle-mobile-disabled=\"false\" class=\"elementor-section elementor-top-section elementor-element elementor-element-5a5514f elementor-section-boxed elementor-section-height-default elementor-section-height-default\" data-id=\"5a5514f\" data-element_type=\"section\" data-e-type=\"section\">\n\t\t\t\t\t\t<div class=\"elementor-container elementor-column-gap-default\">\n\t\t\t\t\t<div class=\"elementor-column elementor-col-100 elementor-top-column elementor-element elementor-element-a8b2449\" data-id=\"a8b2449\" data-element_type=\"column\" data-e-type=\"column\">\n\t\t\t<div class=\"elementor-widget-wrap elementor-element-populated\">\n\t\t\t\t\t\t<div class=\"elementor-element elementor-element-e32fe65 elementor-widget elementor-widget-menu-anchor\" data-id=\"e32fe65\" data-element_type=\"widget\" data-e-type=\"widget\" data-widget_type=\"menu-anchor.default\">\n\t\t\t\t<div class=\"elementor-widget-container\">\n\t\t\t\t\t\t\t<div class=\"elementor-menu-anchor\" id=\"cal\"><\/div>\n\t\t\t\t\t\t<\/div>\n\t\t\t\t<\/div>\n\t\t\t\t\t<\/div>\n\t\t<\/div>\n\t\t\t\t\t<\/div>\n\t\t<\/section>\n\t\t\t\t<section data-particle_enable=\"false\" data-particle-mobile-disabled=\"false\" class=\"elementor-section elementor-top-section elementor-element elementor-element-64109eb0 elementor-section-boxed elementor-section-height-default elementor-section-height-default\" data-id=\"64109eb0\" data-element_type=\"section\" data-e-type=\"section\">\n\t\t\t\t\t\t<div class=\"elementor-container elementor-column-gap-wide\">\n\t\t\t\t\t<div class=\"elementor-column elementor-col-100 elementor-top-column elementor-element elementor-element-93b7354\" data-id=\"93b7354\" data-element_type=\"column\" data-e-type=\"column\">\n\t\t\t<div class=\"elementor-widget-wrap elementor-element-populated\">\n\t\t\t\t\t\t<div class=\"elementor-element elementor-element-267ad7c7 elementor-widget elementor-widget-html\" data-id=\"267ad7c7\" data-element_type=\"widget\" data-e-type=\"widget\" data-widget_type=\"html.default\">\n\t\t\t\t<div class=\"elementor-widget-container\">\n\t\t\t\t\t<p data-gt-block> <iframe src=\"https:\/\/teamup.com\/ks9mmic86b7utyfwjg?lang=es&showLogo=0&showSearch=0&showProfileAndInfo=0&showSidepanel=1&showTitle=0&showMenu=1&showAgendaHeader=1&showAgendaDetails=0&showYearViewHeader=1\" style=\"width: 100%; height: 800px; border: 1px solid #CCCCCC\" loading=\"lazy\" frameborder=\"0\"><\/iframe> <\/p>\t\t\t\t<\/div>\n\t\t\t\t<\/div>\n\t\t\t\t<div class=\"elementor-element elementor-element-60305354 elementor-widget elementor-widget-text-editor\" data-id=\"60305354\" data-element_type=\"widget\" data-e-type=\"widget\" data-widget_type=\"text-editor.default\">\n\t\t\t\t<div class=\"elementor-widget-container\">\n\t\t\t\t\t\t\t\t\t<p>Para cambiar la zona horaria, haga clic en el nombre de \u00e9sta en la esquina inferior derecha del calendario, marque la casilla \u00abMostrar todas las zonas horarias\u00bb, seleccione aquella de su preferencia y presione \u00abOK\u00bb.<\/p>\t\t\t\t\t\t\t\t<\/div>\n\t\t\t\t<\/div>\n\t\t\t\t<div class=\"elementor-element elementor-element-5c18504f elementor-align-center elementor-tablet-align-left elementor-mobile-align-left elementor-widget__width-initial elementor-widget elementor-widget-button\" data-id=\"5c18504f\" data-element_type=\"widget\" data-e-type=\"widget\" data-widget_type=\"button.default\">\n\t\t\t\t<div class=\"elementor-widget-container\">\n\t\t\t\t\t\t\t\t\t<div class=\"elementor-button-wrapper\">\n\t\t\t\t\t<a class=\"elementor-button elementor-button-link elementor-size-sm\" href=\"https:\/\/yssofindia.org\/online-meditation\" target=\"_blank\">\n\t\t\t\t\t\t<span class=\"elementor-button-content-wrapper\">\n\t\t\t\t\t\t\t\t\t<span class=\"elementor-button-text\">VISITE EL <I> DHYANA KENDRA,<\/I> CENTRO DE MEDITACION EN L\u00cdNEA DE YSS<\/span>\n\t\t\t\t\t<\/span>\n\t\t\t\t\t<\/a>\n\t\t\t\t<\/div>\n\t\t\t\t\t\t\t\t<\/div>\n\t\t\t\t<\/div>\n\t\t\t\t\t<\/div>\n\t\t<\/div>\n\t\t\t\t\t<\/div>\n\t\t<\/section>\n\t\t\t\t<section data-particle_enable=\"false\" data-particle-mobile-disabled=\"false\" class=\"elementor-section elementor-top-section elementor-element elementor-element-1e21de6d elementor-section-stretched elementor-section-boxed elementor-section-height-default elementor-section-height-default\" data-id=\"1e21de6d\" data-element_type=\"section\" data-e-type=\"section\" data-settings=\"{&quot;stretch_section&quot;:&quot;section-stretched&quot;,&quot;background_background&quot;:&quot;classic&quot;}\">\n\t\t\t\t\t\t\t<div class=\"elementor-background-overlay\"><\/div>\n\t\t\t\t\t\t\t<div class=\"elementor-container elementor-column-gap-default\">\n\t\t\t\t\t<div class=\"elementor-column elementor-col-33 elementor-top-column elementor-element elementor-element-7f815f06\" data-id=\"7f815f06\" data-element_type=\"column\" data-e-type=\"column\">\n\t\t\t<div class=\"elementor-widget-wrap elementor-element-populated\">\n\t\t\t\t\t\t<div class=\"elementor-element elementor-element-4a68a52 elementor-widget elementor-widget-heading\" data-id=\"4a68a52\" data-element_type=\"widget\" data-e-type=\"widget\" data-widget_type=\"heading.default\">\n\t\t\t\t<div class=\"elementor-widget-container\">\n\t\t\t\t\t<h2 class=\"elementor-heading-title elementor-size-default\">Ofertorio en l\u00ednea\n<\/h2>\t\t\t\t<\/div>\n\t\t\t\t<\/div>\n\t\t\t\t<div class=\"elementor-element elementor-element-1f908258 elementor-widget elementor-widget-text-editor\" data-id=\"1f908258\" data-element_type=\"widget\" data-e-type=\"widget\" data-widget_type=\"text-editor.default\">\n\t\t\t\t<div class=\"elementor-widget-container\">\n\t\t\t\t\t\t\t\t\t<p>Las actividades y el crecimiento del Centro de Meditaci\u00f3n en L\u00ednea de SRF son posibles exclusivamente gracias a las donaciones de miembros como usted. Su generoso aporte a esta obra ser\u00e1 muy bien recibido y apreciado.<\/p>\t\t\t\t\t\t\t\t<\/div>\n\t\t\t\t<\/div>\n\t\t\t\t<div class=\"elementor-element elementor-element-5219ee7d elementor-align-left elementor-tablet-align-left elementor-mobile-align-left elementor-widget elementor-widget-button\" data-id=\"5219ee7d\" data-element_type=\"widget\" data-e-type=\"widget\" data-widget_type=\"button.default\">\n\t\t\t\t<div class=\"elementor-widget-container\">\n\t\t\t\t\t\t\t\t\t<div class=\"elementor-button-wrapper\">\n\t\t\t\t\t<a class=\"elementor-button elementor-button-link elementor-size-sm\" href=\"https:\/\/members.yogananda-srf.org\/donation?defaultAllocation=OMCDON\" target=\"_blank\">\n\t\t\t\t\t\t<span class=\"elementor-button-content-wrapper\">\n\t\t\t\t\t\t\t\t\t<span class=\"elementor-button-text\">DONAR<\/span>\n\t\t\t\t\t<\/span>\n\t\t\t\t\t<\/a>\n\t\t\t\t<\/div>\n\t\t\t\t\t\t\t\t<\/div>\n\t\t\t\t<\/div>\n\t\t\t\t\t<\/div>\n\t\t<\/div>\n\t\t\t\t<div class=\"elementor-column elementor-col-33 elementor-top-column elementor-element elementor-element-7879fe8f\" data-id=\"7879fe8f\" data-element_type=\"column\" data-e-type=\"column\">\n\t\t\t<div class=\"elementor-widget-wrap elementor-element-populated\">\n\t\t\t\t\t\t<div class=\"elementor-element elementor-element-4f799d39 elementor-hidden-phone elementor-widget elementor-widget-pp-divider\" data-id=\"4f799d39\" data-element_type=\"widget\" data-e-type=\"widget\" data-widget_type=\"pp-divider.default\">\n\t\t\t\t<div class=\"elementor-widget-container\">\n\t\t\t\t\t\t\t<div class=\"pp-divider-wrap\">\n\t\t\t\t\t\t\t<div class=\"pp-divider pp-divider-vertical vertical\"><\/div>\n\t\t\t\t\t\t<\/div>    \n\t\t\t\t\t\t<\/div>\n\t\t\t\t<\/div>\n\t\t\t\t<div class=\"elementor-element elementor-element-35a0f587 elementor-hidden-desktop elementor-hidden-tablet elementor-widget elementor-widget-pp-divider\" data-id=\"35a0f587\" data-element_type=\"widget\" data-e-type=\"widget\" data-widget_type=\"pp-divider.default\">\n\t\t\t\t<div class=\"elementor-widget-container\">\n\t\t\t\t\t\t\t<div class=\"pp-divider-wrap\">\n\t\t\t\t\t\t\t<div class=\"pp-divider pp-divider-horizontal horizontal\"><\/div>\n\t\t\t\t\t\t<\/div>    \n\t\t\t\t\t\t<\/div>\n\t\t\t\t<\/div>\n\t\t\t\t\t<\/div>\n\t\t<\/div>\n\t\t\t\t<div class=\"elementor-column elementor-col-33 elementor-top-column elementor-element elementor-element-770f442\" data-id=\"770f442\" data-element_type=\"column\" data-e-type=\"column\">\n\t\t\t<div class=\"elementor-widget-wrap elementor-element-populated\">\n\t\t\t\t\t\t<section data-particle_enable=\"false\" data-particle-mobile-disabled=\"false\" class=\"elementor-section elementor-inner-section elementor-element elementor-element-43085000 elementor-section-boxed elementor-section-height-default elementor-section-height-default\" data-id=\"43085000\" data-element_type=\"section\" data-e-type=\"section\">\n\t\t\t\t\t\t<div class=\"elementor-container elementor-column-gap-default\">\n\t\t\t\t\t<div class=\"elementor-column elementor-col-100 elementor-inner-column elementor-element elementor-element-27a6efb4\" data-id=\"27a6efb4\" data-element_type=\"column\" data-e-type=\"column\">\n\t\t\t<div class=\"elementor-widget-wrap elementor-element-populated\">\n\t\t\t\t\t\t<div class=\"elementor-element elementor-element-2fc7b4ba elementor-widget elementor-widget-text-editor\" data-id=\"2fc7b4ba\" data-element_type=\"widget\" data-e-type=\"widget\" data-widget_type=\"text-editor.default\">\n\t\t\t\t<div class=\"elementor-widget-container\">\n\t\t\t\t\t\t\t\t\t<div style=\"text-align: left;\"><div>\u00abAl servir espiritual, mental y materialmente a otros, tus propias necesidades se ver\u00e1n satisfechas. Cuando olvides tu yo por medio del servicio que prestes a los dem\u00e1s, notar\u00e1s que, sin buscarlo, la copa de tu propia felicidad se hallar\u00e1 llena\u00bb.<\/div><\/div>\t\t\t\t\t\t\t\t<\/div>\n\t\t\t\t<\/div>\n\t\t\t\t\t<\/div>\n\t\t<\/div>\n\t\t\t\t\t<\/div>\n\t\t<\/section>\n\t\t\t\t<div class=\"elementor-element elementor-element-5ef0959 elementor-widget elementor-widget-text-editor\" data-id=\"5ef0959\" data-element_type=\"widget\" data-e-type=\"widget\" data-widget_type=\"text-editor.default\">\n\t\t\t\t<div class=\"elementor-widget-container\">\n\t\t\t\t\t\t\t\t\t<div style=\"text-align: center;\"><em>&#8211; Paramahansa Yogananda<\/em><em><br \/><\/em><\/div>\n\t\t\t\t\t\t\t\t<\/div>\n\t\t\t\t<\/div>\n\t\t\t\t\t<\/div>\n\t\t<\/div>\n\t\t\t\t\t<\/div>\n\t\t<\/section>\n\t\t\t\t<\/div>\n\t\t","protected":false},"excerpt":{"rendered":"<p>Calendario de Meditaciones y Grupos de Estudio \u00a1Bienvenidos! Para unirse a un oficio de meditaci\u00f3n, haga clic en el nombre del evento en el calendario a continuaci\u00f3n. \u00bfIngresa por primera vez a las meditaciones en l\u00ednea? M\u00e1s informaci\u00f3n\u00a0sobre c\u00f3mo participar. Para conocer acerca de las oportunidades de servicio en el Centro de Meditaci\u00f3n en L\u00ednea, [&hellip;]<\/p>\n","protected":false},"author":2,"featured_media":8017,"parent":0,"menu_order":0,"comment_status":"closed","ping_status":"closed","template":"","meta":{"_acf_changed":false,"site-sidebar-layout":"no-sidebar","site-content-layout":"page-builder","ast-site-content-layout":"default","site-content-style":"default","site-sidebar-style":"default","ast-global-header-display":"","ast-banner-title-visibility":"","ast-main-header-display":"","ast-hfb-above-header-display":"","ast-hfb-below-header-display":"","ast-hfb-mobile-header-display":"","site-post-title":"disabled","ast-breadcrumbs-content":"","ast-featured-img":"disabled","footer-sml-layout":"","ast-disable-related-posts":"","theme-transparent-header-meta":"default","adv-header-id-meta":"","stick-header-meta":"","header-above-stick-meta":"","header-main-stick-meta":"","header-below-stick-meta":"","astra-migrate-meta-layouts":"default","ast-page-background-enabled":"default","ast-page-background-meta":{"desktop":{"background-color":"","background-image":"","background-repeat":"repeat","background-position":"center center","background-size":"auto","background-attachment":"scroll","background-type":"","background-media":"","overlay-type":"","overlay-color":"","overlay-opacity":"","overlay-gradient":""},"tablet":{"background-color":"","background-image":"","background-repeat":"repeat","background-position":"center center","background-size":"auto","background-attachment":"scroll","background-type":"","background-media":"","overlay-type":"","overlay-color":"","overlay-opacity":"","overlay-gradient":""},"mobile":{"background-color":"","background-image":"","background-repeat":"repeat","background-position":"center center","background-size":"auto","background-attachment":"scroll","background-type":"","background-media":"","overlay-type":"","overlay-color":"","overlay-opacity":"","overlay-gradient":""}},"ast-content-background-meta":{"desktop":{"background-color":"var(--ast-global-color-5)","background-image":"","background-repeat":"repeat","background-position":"center center","background-size":"auto","background-attachment":"scroll","background-type":"","background-media":"","overlay-type":"","overlay-color":"","overlay-opacity":"","overlay-gradient":""},"tablet":{"background-color":"var(--ast-global-color-5)","background-image":"","background-repeat":"repeat","background-position":"center center","background-size":"auto","background-attachment":"scroll","background-type":"","background-media":"","overlay-type":"","overlay-color":"","overlay-opacity":"","overlay-gradient":""},"mobile":{"background-color":"var(--ast-global-color-5)","background-image":"","background-repeat":"repeat","background-position":"center center","background-size":"auto","background-attachment":"scroll","background-type":"","background-media":"","overlay-type":"","overlay-color":"","overlay-opacity":"","overlay-gradient":""}},"footnotes":""},"class_list":["post-10373","page","type-page","status-publish","has-post-thumbnail","hentry"],"acf":[],"yoast_head":"<!-- This site is optimized with the Yoast SEO plugin v27.3 - https:\/\/yoast.com\/product\/yoast-seo-wordpress\/ -->\n<title>Calendario de Meditaciones y Grupos de Estudio - SRF Online Meditation<\/title>\n<meta name=\"robots\" content=\"index, follow, max-snippet:-1, max-image-preview:large, max-video-preview:-1\" \/>\n<link rel=\"canonical\" href=\"https:\/\/onlinemeditation.yogananda.org\/es\/calendario\/\" \/>\n<meta property=\"og:locale\" content=\"es_ES\" \/>\n<meta property=\"og:type\" content=\"article\" \/>\n<meta property=\"og:title\" content=\"Calendario de Meditaciones y Grupos de Estudio - SRF Online Meditation\" \/>\n<meta property=\"og:description\" content=\"Calendario de Meditaciones y Grupos de Estudio \u00a1Bienvenidos! Para unirse a un oficio de meditaci\u00f3n, haga clic en el nombre del evento en el calendario a continuaci\u00f3n. \u00bfIngresa por primera vez a las meditaciones en l\u00ednea? M\u00e1s informaci\u00f3n\u00a0sobre c\u00f3mo participar. Para conocer acerca de las oportunidades de servicio en el Centro de Meditaci\u00f3n en L\u00ednea, [&hellip;]\" \/>\n<meta property=\"og:url\" content=\"https:\/\/onlinemeditation.yogananda.org\/es\/calendario\/\" \/>\n<meta property=\"og:site_name\" content=\"SRF Online Meditation\" \/>\n<meta property=\"article:modified_time\" content=\"2026-04-09T00:14:14+00:00\" \/>\n<meta property=\"og:image\" content=\"https:\/\/onlinemeditation.yogananda.org\/wp-content\/uploads\/2020\/03\/BRFL2130-1-1024x875.jpg\" \/>\n\t<meta property=\"og:image:width\" content=\"1024\" \/>\n\t<meta property=\"og:image:height\" content=\"875\" \/>\n\t<meta property=\"og:image:type\" content=\"image\/jpeg\" \/>\n<meta name=\"twitter:card\" content=\"summary_large_image\" \/>\n<script type=\"application\/ld+json\" class=\"yoast-schema-graph\">{\"@context\":\"https:\\\/\\\/schema.org\",\"@graph\":[{\"@type\":\"WebPage\",\"@id\":\"https:\\\/\\\/onlinemeditation.yogananda.org\\\/es\\\/calendario\\\/\",\"url\":\"https:\\\/\\\/onlinemeditation.yogananda.org\\\/es\\\/calendario\\\/\",\"name\":\"Calendario de Meditaciones y Grupos de Estudio - SRF Online Meditation\",\"isPartOf\":{\"@id\":\"https:\\\/\\\/onlinemeditation.yogananda.org\\\/es\\\/#website\"},\"primaryImageOfPage\":{\"@id\":\"https:\\\/\\\/onlinemeditation.yogananda.org\\\/es\\\/calendario\\\/#primaryimage\"},\"image\":{\"@id\":\"https:\\\/\\\/onlinemeditation.yogananda.org\\\/es\\\/calendario\\\/#primaryimage\"},\"thumbnailUrl\":\"https:\\\/\\\/onlinemeditation.yogananda.org\\\/wp-content\\\/uploads\\\/2020\\\/03\\\/BRFL2130-1.jpg\",\"datePublished\":\"2019-07-13T16:54:52+00:00\",\"dateModified\":\"2026-04-09T00:14:14+00:00\",\"breadcrumb\":{\"@id\":\"https:\\\/\\\/onlinemeditation.yogananda.org\\\/es\\\/calendario\\\/#breadcrumb\"},\"inLanguage\":\"es-ES\",\"potentialAction\":[{\"@type\":\"ReadAction\",\"target\":[\"https:\\\/\\\/onlinemeditation.yogananda.org\\\/es\\\/calendario\\\/\"]}]},{\"@type\":\"ImageObject\",\"inLanguage\":\"es-ES\",\"@id\":\"https:\\\/\\\/onlinemeditation.yogananda.org\\\/es\\\/calendario\\\/#primaryimage\",\"url\":\"https:\\\/\\\/onlinemeditation.yogananda.org\\\/wp-content\\\/uploads\\\/2020\\\/03\\\/BRFL2130-1.jpg\",\"contentUrl\":\"https:\\\/\\\/onlinemeditation.yogananda.org\\\/wp-content\\\/uploads\\\/2020\\\/03\\\/BRFL2130-1.jpg\",\"width\":4326,\"height\":3698},{\"@type\":\"BreadcrumbList\",\"@id\":\"https:\\\/\\\/onlinemeditation.yogananda.org\\\/es\\\/calendario\\\/#breadcrumb\",\"itemListElement\":[{\"@type\":\"ListItem\",\"position\":1,\"name\":\"Home\",\"item\":\"https:\\\/\\\/onlinemeditation.yogananda.org\\\/es\\\/\"},{\"@type\":\"ListItem\",\"position\":2,\"name\":\"Calendario de Meditaciones y Grupos de Estudio\"}]},{\"@type\":\"WebSite\",\"@id\":\"https:\\\/\\\/onlinemeditation.yogananda.org\\\/es\\\/#website\",\"url\":\"https:\\\/\\\/onlinemeditation.yogananda.org\\\/es\\\/\",\"name\":\"SRF Online Meditation\",\"description\":\"\",\"potentialAction\":[{\"@type\":\"SearchAction\",\"target\":{\"@type\":\"EntryPoint\",\"urlTemplate\":\"https:\\\/\\\/onlinemeditation.yogananda.org\\\/es\\\/?s={search_term_string}\"},\"query-input\":{\"@type\":\"PropertyValueSpecification\",\"valueRequired\":true,\"valueName\":\"search_term_string\"}}],\"inLanguage\":\"es-ES\"}]}<\/script>\n<!-- \/ Yoast SEO plugin. -->","yoast_head_json":{"title":"Calendario de Meditaciones y Grupos de Estudio - SRF Online Meditation","robots":{"index":"index","follow":"follow","max-snippet":"max-snippet:-1","max-image-preview":"max-image-preview:large","max-video-preview":"max-video-preview:-1"},"canonical":"https:\/\/onlinemeditation.yogananda.org\/es\/calendario\/","og_locale":"es_ES","og_type":"article","og_title":"Calendario de Meditaciones y Grupos de Estudio - SRF Online Meditation","og_description":"Calendario de Meditaciones y Grupos de Estudio \u00a1Bienvenidos! Para unirse a un oficio de meditaci\u00f3n, haga clic en el nombre del evento en el calendario a continuaci\u00f3n. \u00bfIngresa por primera vez a las meditaciones en l\u00ednea? M\u00e1s informaci\u00f3n\u00a0sobre c\u00f3mo participar. Para conocer acerca de las oportunidades de servicio en el Centro de Meditaci\u00f3n en L\u00ednea, [&hellip;]","og_url":"https:\/\/onlinemeditation.yogananda.org\/es\/calendario\/","og_site_name":"SRF Online Meditation","article_modified_time":"2026-04-09T00:14:14+00:00","og_image":[{"width":1024,"height":875,"url":"https:\/\/onlinemeditation.yogananda.org\/wp-content\/uploads\/2020\/03\/BRFL2130-1-1024x875.jpg","type":"image\/jpeg"}],"twitter_card":"summary_large_image","schema":{"@context":"https:\/\/schema.org","@graph":[{"@type":"WebPage","@id":"https:\/\/onlinemeditation.yogananda.org\/es\/calendario\/","url":"https:\/\/onlinemeditation.yogananda.org\/es\/calendario\/","name":"Calendario de Meditaciones y Grupos de Estudio - SRF Online Meditation","isPartOf":{"@id":"https:\/\/onlinemeditation.yogananda.org\/es\/#website"},"primaryImageOfPage":{"@id":"https:\/\/onlinemeditation.yogananda.org\/es\/calendario\/#primaryimage"},"image":{"@id":"https:\/\/onlinemeditation.yogananda.org\/es\/calendario\/#primaryimage"},"thumbnailUrl":"https:\/\/onlinemeditation.yogananda.org\/wp-content\/uploads\/2020\/03\/BRFL2130-1.jpg","datePublished":"2019-07-13T16:54:52+00:00","dateModified":"2026-04-09T00:14:14+00:00","breadcrumb":{"@id":"https:\/\/onlinemeditation.yogananda.org\/es\/calendario\/#breadcrumb"},"inLanguage":"es-ES","potentialAction":[{"@type":"ReadAction","target":["https:\/\/onlinemeditation.yogananda.org\/es\/calendario\/"]}]},{"@type":"ImageObject","inLanguage":"es-ES","@id":"https:\/\/onlinemeditation.yogananda.org\/es\/calendario\/#primaryimage","url":"https:\/\/onlinemeditation.yogananda.org\/wp-content\/uploads\/2020\/03\/BRFL2130-1.jpg","contentUrl":"https:\/\/onlinemeditation.yogananda.org\/wp-content\/uploads\/2020\/03\/BRFL2130-1.jpg","width":4326,"height":3698},{"@type":"BreadcrumbList","@id":"https:\/\/onlinemeditation.yogananda.org\/es\/calendario\/#breadcrumb","itemListElement":[{"@type":"ListItem","position":1,"name":"Home","item":"https:\/\/onlinemeditation.yogananda.org\/es\/"},{"@type":"ListItem","position":2,"name":"Calendario de Meditaciones y Grupos de Estudio"}]},{"@type":"WebSite","@id":"https:\/\/onlinemeditation.yogananda.org\/es\/#website","url":"https:\/\/onlinemeditation.yogananda.org\/es\/","name":"SRF Online Meditation","description":"","potentialAction":[{"@type":"SearchAction","target":{"@type":"EntryPoint","urlTemplate":"https:\/\/onlinemeditation.yogananda.org\/es\/?s={search_term_string}"},"query-input":{"@type":"PropertyValueSpecification","valueRequired":true,"valueName":"search_term_string"}}],"inLanguage":"es-ES"}]}},"_links":{"self":[{"href":"https:\/\/onlinemeditation.yogananda.org\/es\/wp-json\/wp\/v2\/pages\/10373","targetHints":{"allow":["GET"]}}],"collection":[{"href":"https:\/\/onlinemeditation.yogananda.org\/es\/wp-json\/wp\/v2\/pages"}],"about":[{"href":"https:\/\/onlinemeditation.yogananda.org\/es\/wp-json\/wp\/v2\/types\/page"}],"author":[{"embeddable":true,"href":"https:\/\/onlinemeditation.yogananda.org\/es\/wp-json\/wp\/v2\/users\/2"}],"replies":[{"embeddable":true,"href":"https:\/\/onlinemeditation.yogananda.org\/es\/wp-json\/wp\/v2\/comments?post=10373"}],"version-history":[{"count":52,"href":"https:\/\/onlinemeditation.yogananda.org\/es\/wp-json\/wp\/v2\/pages\/10373\/revisions"}],"predecessor-version":[{"id":14327,"href":"https:\/\/onlinemeditation.yogananda.org\/es\/wp-json\/wp\/v2\/pages\/10373\/revisions\/14327"}],"wp:featuredmedia":[{"embeddable":true,"href":"https:\/\/onlinemeditation.yogananda.org\/es\/wp-json\/wp\/v2\/media\/8017"}],"wp:attachment":[{"href":"https:\/\/onlinemeditation.yogananda.org\/es\/wp-json\/wp\/v2\/media?parent=10373"}],"curies":[{"name":"wp","href":"https:\/\/api.w.org\/{rel}","templated":true}]}}